{"id":844,"date":"2018-11-27T08:28:24","date_gmt":"2018-11-27T08:28:24","guid":{"rendered":"https:\/\/www.mediesttipmerkezi.com\/?page_id=844"},"modified":"2019-02-13T09:05:11","modified_gmt":"2019-02-13T09:05:11","slug":"departments-slider","status":"publish","type":"page","link":"https:\/\/www.mediesttipmerkezi.com\/en\/departments-slider\/","title":{"rendered":"Departments Slider"},"content":{"rendered":"<div data-elementor-type=\"wp-post\" data-elementor-id=\"844\" class=\"elementor elementor-844 elementor-bc-flex-widget\" data-elementor-post-type=\"page\">\n\t\t\t\t\t\t<section class=\"elementor-section elementor-top-section elementor-element elementor-element-cfaf383 elementor-section-stretched elementor-section-boxed elementor-section-height-default elementor-section-height-default\" data-id=\"cfaf383\" data-element_type=\"section\" data-settings=\"{&quot;stretch_section&quot;:&quot;section-stretched&quot;,&quot;background_background&quot;:&quot;classic&quot;}\">\n\t\t\t\t\t\t<div class=\"elementor-container elementor-column-gap-default\">\n\t\t\t\t\t<div class=\"elementor-column elementor-col-100 elementor-top-column elementor-element elementor-element-b7c2139\" data-id=\"b7c2139\" data-element_type=\"column\">\n\t\t\t<div class=\"elementor-widget-wrap elementor-element-populated\">\n\t\t\t\t\t\t<div class=\"elementor-element elementor-element-4c378a5 elementor-widget elementor-widget-rt-title\" data-id=\"4c378a5\" data-element_type=\"widget\" data-widget_type=\"rt-title.default\">\n\t\t\t\t<div class=\"elementor-widget-container\">\n\t\t\t\r\n<div class=\"rt-el-title section-heading heading-dark heading-layout5 style3\">\r\n\t<h2 class=\"rtin-title\">Departments Slider 1<\/h2>\r\n<\/div>\r\n\r\n\t\t<\/div>\n\t\t\t\t<\/div>\n\t\t\t\t<div class=\"elementor-element elementor-element-b6a56d9 elementor-widget elementor-widget-rt-departments-slider\" data-id=\"b6a56d9\" data-element_type=\"widget\" data-widget_type=\"rt-departments-slider.default\">\n\t\t\t\t<div class=\"elementor-widget-container\">\n\t\t\t\r\n<div class=\"departments-wrap-layout2 rc-carousel nav-control-layout-top  slider-nav-enabled\">\r\n\t<div class=\"owl-theme owl-carousel rt-owl-carousel\" data-carousel-options=\"{&quot;nav&quot;:true,&quot;dots&quot;:false,&quot;navText&quot;:[&quot;&lt;i class=&#039;fa fa-angle-left&#039;&gt;&lt;\\\/i&gt;&quot;,&quot;&lt;i class=&#039;fa fa-angle-right&#039;&gt;&lt;\\\/i&gt;&quot;],&quot;autoplay&quot;:true,&quot;autoplayTimeout&quot;:&quot;5000&quot;,&quot;autoplaySpeed&quot;:200,&quot;autoplayHoverPause&quot;:true,&quot;loop&quot;:true,&quot;margin&quot;:20,&quot;responsive&quot;:{&quot;0&quot;:{&quot;items&quot;:1},&quot;480&quot;:{&quot;items&quot;:2},&quot;768&quot;:{&quot;items&quot;:2},&quot;992&quot;:{&quot;items&quot;:3},&quot;1200&quot;:{&quot;items&quot;:4}}}\">\r\n\r\n\t\t\r\n\t\t\t\t\t\t\t\r\n\t\t\t\t<div class=\"rtin-item\">\r\n\t\t\t\t\t <div class=\"departments-box-layout2\">\r\n\t                    <span class=\"departments-sl\"> 1<\/span>                        \r\n\t\t\t\t\t\t\t\t                      <div class=\"item-icon\">\r\n\t\t                      \t<img decoding=\"async\" width=\"70\" height=\"70\" src=\"https:\/\/www.mediesttipmerkezi.com\/wp-content\/uploads\/2019\/01\/Fizik-Tedavi-Ve-Rehabilitasyon-70x70.png\" class=\"attachment-medilink-size6 size-medilink-size6\" alt=\"\" srcset=\"https:\/\/www.mediesttipmerkezi.com\/wp-content\/uploads\/2019\/01\/Fizik-Tedavi-Ve-Rehabilitasyon-70x70.png 70w, https:\/\/www.mediesttipmerkezi.com\/wp-content\/uploads\/2019\/01\/Fizik-Tedavi-Ve-Rehabilitasyon-12x12.png 12w, https:\/\/www.mediesttipmerkezi.com\/wp-content\/uploads\/2019\/01\/Fizik-Tedavi-Ve-Rehabilitasyon.png 98w\" sizes=\"(max-width: 70px) 100vw, 70px\" \/>\t\t                      <\/div>\r\n\t\t\t\t\t\t\t\t\t\t\t\r\n\t                    <h3 class=\"item-title\"><a href=\"https:\/\/www.mediesttipmerkezi.com\/en\/tibbi-birimlerimiz\/medikal-estetik\/\">Medical Aesthetics<\/a><\/h3>\r\n\t                     <p>Medikal Estetik Birimi \u2013 Mediest T\u0131p Merkezi G\u00fczellik ve Sa\u011fl\u0131k \u0130\u00e7in Yenilik\u00e7i \u00c7\u00f6z\u00fcmler Mediest T\u0131p&hellip;<\/p>\t                     \t                    \t<a class=\"item-btn\" href=\"https:\/\/www.mediesttipmerkezi.com\/en\/tibbi-birimlerimiz\/medikal-estetik\/\">READ MORE <i class=\"fas fa-long-arrow-alt-right\"><\/i><\/a>\r\n\t                    \t\t\t\t\r\n\t                <\/div>\r\n                <\/div>\r\n\t\t\t\t\t\t\t\r\n\t\t\t\t<div class=\"rtin-item\">\r\n\t\t\t\t\t <div class=\"departments-box-layout2\">\r\n\t                    <span class=\"departments-sl\"> 2<\/span>                        \r\n\t\t\t\t\t\t\t\t                      <div class=\"item-icon\">\r\n\t\t                      \t<img decoding=\"async\" width=\"70\" height=\"70\" src=\"https:\/\/www.mediesttipmerkezi.com\/wp-content\/uploads\/2019\/01\/pediatrician-1-70x70.png\" class=\"attachment-medilink-size6 size-medilink-size6\" alt=\"\" srcset=\"https:\/\/www.mediesttipmerkezi.com\/wp-content\/uploads\/2019\/01\/pediatrician-1-70x70.png 70w, https:\/\/www.mediesttipmerkezi.com\/wp-content\/uploads\/2019\/01\/pediatrician-1-12x12.png 12w, https:\/\/www.mediesttipmerkezi.com\/wp-content\/uploads\/2019\/01\/pediatrician-1.png 98w\" sizes=\"(max-width: 70px) 100vw, 70px\" \/>\t\t                      <\/div>\r\n\t\t\t\t\t\t\t\t\t\t\t\r\n\t                    <h3 class=\"item-title\"><a href=\"https:\/\/www.mediesttipmerkezi.com\/en\/tibbi-birimlerimiz\/cocuk-sagligi-ve-hastaliklari\/\">Child Health and Diseases<\/a><\/h3>\r\n\t                     <p>\u00c7ocuk sa\u011fl\u0131\u011f\u0131 ve hastal\u0131klar\u0131, pediatri ad\u0131 verilen t\u0131p dal\u0131 taraf\u0131ndan ele al\u0131nan bir alan\u0131 kapsar.&hellip;<\/p>\t                     \t                    \t<a class=\"item-btn\" href=\"https:\/\/www.mediesttipmerkezi.com\/en\/tibbi-birimlerimiz\/cocuk-sagligi-ve-hastaliklari\/\">READ MORE <i class=\"fas fa-long-arrow-alt-right\"><\/i><\/a>\r\n\t                    \t\t\t\t\r\n\t                <\/div>\r\n                <\/div>\r\n\t\t\t\t\t\t\t\r\n\t\t\t\t<div class=\"rtin-item\">\r\n\t\t\t\t\t <div class=\"departments-box-layout2\">\r\n\t                    <span class=\"departments-sl\"> 3<\/span>                        \r\n\t\t\t\t\t\t\t\t                      <div class=\"item-icon\">\r\n\t\t                      \t<img decoding=\"async\" width=\"70\" height=\"70\" src=\"https:\/\/www.mediesttipmerkezi.com\/wp-content\/uploads\/2019\/01\/INTERNAL-DISEASBBES-70x70.png\" class=\"attachment-medilink-size6 size-medilink-size6\" alt=\"\" srcset=\"https:\/\/www.mediesttipmerkezi.com\/wp-content\/uploads\/2019\/01\/INTERNAL-DISEASBBES-70x70.png 70w, https:\/\/www.mediesttipmerkezi.com\/wp-content\/uploads\/2019\/01\/INTERNAL-DISEASBBES-12x12.png 12w, https:\/\/www.mediesttipmerkezi.com\/wp-content\/uploads\/2019\/01\/INTERNAL-DISEASBBES.png 98w\" sizes=\"(max-width: 70px) 100vw, 70px\" \/>\t\t                      <\/div>\r\n\t\t\t\t\t\t\t\t\t\t\t\r\n\t                    <h3 class=\"item-title\"><a href=\"https:\/\/www.mediesttipmerkezi.com\/en\/tibbi-birimlerimiz\/ic-hastaliklari\/\">Internal diseases<\/a><\/h3>\r\n\t                     <p>\u0130\u00e7 hastal\u0131klar\u0131, t\u0131p alan\u0131nda genelde &#8220;internal medicine&#8221; olarak bilinen bir uzmanl\u0131k dal\u0131n\u0131 ifade eder. Bu&hellip;<\/p>\t                     \t                    \t<a class=\"item-btn\" href=\"https:\/\/www.mediesttipmerkezi.com\/en\/tibbi-birimlerimiz\/ic-hastaliklari\/\">READ MORE <i class=\"fas fa-long-arrow-alt-right\"><\/i><\/a>\r\n\t                    \t\t\t\t\r\n\t                <\/div>\r\n                <\/div>\r\n\t\t\t\t\t\t\t\r\n\t\t\t\t<div class=\"rtin-item\">\r\n\t\t\t\t\t <div class=\"departments-box-layout2\">\r\n\t                    <span class=\"departments-sl\"> 4<\/span>                        \r\n\t\t\t\t\t\t\t\t                      <div class=\"item-icon\">\r\n\t\t                      \t<img decoding=\"async\" width=\"70\" height=\"70\" src=\"https:\/\/www.mediesttipmerkezi.com\/wp-content\/uploads\/2019\/01\/Fizik-Tedavi-Ve-Rehabilitasyon-70x70.png\" class=\"attachment-medilink-size6 size-medilink-size6\" alt=\"\" srcset=\"https:\/\/www.mediesttipmerkezi.com\/wp-content\/uploads\/2019\/01\/Fizik-Tedavi-Ve-Rehabilitasyon-70x70.png 70w, https:\/\/www.mediesttipmerkezi.com\/wp-content\/uploads\/2019\/01\/Fizik-Tedavi-Ve-Rehabilitasyon-12x12.png 12w, https:\/\/www.mediesttipmerkezi.com\/wp-content\/uploads\/2019\/01\/Fizik-Tedavi-Ve-Rehabilitasyon.png 98w\" sizes=\"(max-width: 70px) 100vw, 70px\" \/>\t\t                      <\/div>\r\n\t\t\t\t\t\t\t\t\t\t\t\r\n\t                    <h3 class=\"item-title\"><a href=\"https:\/\/www.mediesttipmerkezi.com\/en\/tibbi-birimlerimiz\/fizik-tedavi-ve-rehabilitasyon\/\">Physical therapy and rehabilitation<\/a><\/h3>\r\n\t                     <p>Fizik tedavi ve rehabilitasyon, kaza, travma, do\u011fu\u015ftan gelen rahats\u0131zl\u0131klar veya di\u011fer nedenlerle olu\u015fan fonksiyonel bozukluklar\u0131&hellip;<\/p>\t                     \t                    \t<a class=\"item-btn\" href=\"https:\/\/www.mediesttipmerkezi.com\/en\/tibbi-birimlerimiz\/fizik-tedavi-ve-rehabilitasyon\/\">READ MORE <i class=\"fas fa-long-arrow-alt-right\"><\/i><\/a>\r\n\t                    \t\t\t\t\r\n\t                <\/div>\r\n                <\/div>\r\n\t\t\t\t\t\t\t\t<\/div>\r\n<\/div>\t\t<\/div>\n\t\t\t\t<\/div>\n\t\t\t\t\t<\/div>\n\t\t<\/div>\n\t\t\t\t\t<\/div>\n\t\t<\/section>\n\t\t\t\t<section class=\"elementor-section elementor-top-section elementor-element elementor-element-87ab255 elementor-section-stretched elementor-section-boxed elementor-section-height-default elementor-section-height-default\" data-id=\"87ab255\" data-element_type=\"section\" data-settings=\"{&quot;stretch_section&quot;:&quot;section-stretched&quot;,&quot;background_background&quot;:&quot;classic&quot;}\">\n\t\t\t\t\t\t<div class=\"elementor-container elementor-column-gap-default\">\n\t\t\t\t\t<div class=\"elementor-column elementor-col-100 elementor-top-column elementor-element elementor-element-5061933\" data-id=\"5061933\" data-element_type=\"column\">\n\t\t\t<div class=\"elementor-widget-wrap elementor-element-populated\">\n\t\t\t\t\t\t<div class=\"elementor-element elementor-element-81e97b1 elementor-widget elementor-widget-rt-title\" data-id=\"81e97b1\" data-element_type=\"widget\" data-widget_type=\"rt-title.default\">\n\t\t\t\t<div class=\"elementor-widget-container\">\n\t\t\t\r\n<div class=\"rt-el-title section-heading heading-dark heading-layout5 style3\">\r\n\t<h2 class=\"rtin-title\">Departments Slider 2<\/h2>\r\n<\/div>\r\n\r\n\t\t<\/div>\n\t\t\t\t<\/div>\n\t\t\t\t<div class=\"elementor-element elementor-element-964300b elementor-widget elementor-widget-rt-departments-slider\" data-id=\"964300b\" data-element_type=\"widget\" data-widget_type=\"rt-departments-slider.default\">\n\t\t\t\t<div class=\"elementor-widget-container\">\n\t\t\t\r\n<div class=\"departments-wrap-layout2 rc-carousel nav-control-layout-top  slider-nav-enabled\">\r\n\t<div class=\"owl-theme owl-carousel rt-owl-carousel\" data-carousel-options=\"{&quot;nav&quot;:true,&quot;dots&quot;:false,&quot;navText&quot;:[&quot;&lt;i class=&#039;fa fa-angle-left&#039;&gt;&lt;\\\/i&gt;&quot;,&quot;&lt;i class=&#039;fa fa-angle-right&#039;&gt;&lt;\\\/i&gt;&quot;],&quot;autoplay&quot;:true,&quot;autoplayTimeout&quot;:&quot;5000&quot;,&quot;autoplaySpeed&quot;:200,&quot;autoplayHoverPause&quot;:true,&quot;loop&quot;:true,&quot;margin&quot;:20,&quot;responsive&quot;:{&quot;0&quot;:{&quot;items&quot;:1},&quot;480&quot;:{&quot;items&quot;:2},&quot;768&quot;:{&quot;items&quot;:2},&quot;992&quot;:{&quot;items&quot;:3},&quot;1200&quot;:{&quot;items&quot;:3}}}\">\r\n\r\n\t\t\r\n\t\t\t\t\t\t\t\t\t\t\t\t\t\t\r\n\t\t\t\t<div class=\"rtin-item\">\r\n\t\t\t\t\t<div class=\"departments-box-layout5\">\r\n\t\t\t\t\t\t    \r\n\t\t\t\t\t    <div class=\"item-img\">\r\n\t\t\t\t\t          <img loading=\"lazy\" decoding=\"async\" width=\"630\" height=\"408\" src=\"https:\/\/www.mediesttipmerkezi.com\/wp-content\/uploads\/2019\/01\/doctor-examining-child-office-3-630x408.jpg\" class=\"attachment-medilink-size3 size-medilink-size3 wp-post-image\" alt=\"\" srcset=\"https:\/\/www.mediesttipmerkezi.com\/wp-content\/uploads\/2019\/01\/doctor-examining-child-office-3-630x408.jpg 630w, https:\/\/www.mediesttipmerkezi.com\/wp-content\/uploads\/2019\/01\/doctor-examining-child-office-3-18x12.jpg 18w\" sizes=\"(max-width: 630px) 100vw, 630px\" \/>\t\t\t\t\t        <div class=\"item-content\">\r\n\t\t\t\t\t            <h3 class=\"item-title\"><a href=\"https:\/\/www.mediesttipmerkezi.com\/en\/tibbi-birimlerimiz\/cocuk-sagligi-ve-hastaliklari\/\">Child Health and Diseases<\/a><\/h3>\r\n\t\t\t\t\t           <p>Child health and diseases are covered by the branch of medicine called pediatrics\u2026<\/p>\t\t\t\t\t            <a href=\"https:\/\/www.mediesttipmerkezi.com\/en\/tibbi-birimlerimiz\/cocuk-sagligi-ve-hastaliklari\/\" class=\"item-btn\">Detail <i class=\"fa fa-angle-right\" aria-hidden=\"true\"><\/i><\/a>\r\n\t\t\t\t\t        <\/div>\r\n\t\t\t\t\t    <\/div>\r\n\t\t\t\t\t \t\t\t\t\t<\/div>\r\n\t\t\t\t<\/div>\r\n\t\t\t\t\t\t\t\t\t\t\t\t\t\t\r\n\t\t\t\t<div class=\"rtin-item\">\r\n\t\t\t\t\t<div class=\"departments-box-layout5\">\r\n\t\t\t\t\t\t    \r\n\t\t\t\t\t    <div class=\"item-img\">\r\n\t\t\t\t\t          <img loading=\"lazy\" decoding=\"async\" width=\"630\" height=\"408\" src=\"https:\/\/www.mediesttipmerkezi.com\/wp-content\/uploads\/2019\/01\/physiotherapist-helping-female-patient-her-clinic-630x408.jpg\" class=\"attachment-medilink-size3 size-medilink-size3 wp-post-image\" alt=\"\" srcset=\"https:\/\/www.mediesttipmerkezi.com\/wp-content\/uploads\/2019\/01\/physiotherapist-helping-female-patient-her-clinic-630x408.jpg 630w, https:\/\/www.mediesttipmerkezi.com\/wp-content\/uploads\/2019\/01\/physiotherapist-helping-female-patient-her-clinic-18x12.jpg 18w\" sizes=\"(max-width: 630px) 100vw, 630px\" \/>\t\t\t\t\t        <div class=\"item-content\">\r\n\t\t\t\t\t            <h3 class=\"item-title\"><a href=\"https:\/\/www.mediesttipmerkezi.com\/en\/tibbi-birimlerimiz\/fizik-tedavi-ve-rehabilitasyon\/\">Physical therapy and rehabilitation<\/a><\/h3>\r\n\t\t\t\t\t           <p>Physical therapy and rehabilitation, accident, trauma, congenital disorders or\u2026<\/p>\t\t\t\t\t            <a href=\"https:\/\/www.mediesttipmerkezi.com\/en\/tibbi-birimlerimiz\/fizik-tedavi-ve-rehabilitasyon\/\" class=\"item-btn\">Detail <i class=\"fa fa-angle-right\" aria-hidden=\"true\"><\/i><\/a>\r\n\t\t\t\t\t        <\/div>\r\n\t\t\t\t\t    <\/div>\r\n\t\t\t\t\t \t\t\t\t\t<\/div>\r\n\t\t\t\t<\/div>\r\n\t\t\t\t\t\t\t\t<\/div>\r\n<\/div>\t\t<\/div>\n\t\t\t\t<\/div>\n\t\t\t\t\t<\/div>\n\t\t<\/div>\n\t\t\t\t\t<\/div>\n\t\t<\/section>\n\t\t\t\t<section class=\"elementor-section elementor-top-section elementor-element elementor-element-f9f37ff elementor-section-stretched elementor-section-boxed elementor-section-height-default elementor-section-height-default\" data-id=\"f9f37ff\" data-element_type=\"section\" data-settings=\"{&quot;stretch_section&quot;:&quot;section-stretched&quot;,&quot;background_background&quot;:&quot;classic&quot;}\">\n\t\t\t\t\t\t<div class=\"elementor-container elementor-column-gap-default\">\n\t\t\t\t\t<div class=\"elementor-column elementor-col-100 elementor-top-column elementor-element elementor-element-9725203\" data-id=\"9725203\" data-element_type=\"column\">\n\t\t\t<div class=\"elementor-widget-wrap elementor-element-populated\">\n\t\t\t\t\t\t<div class=\"elementor-element elementor-element-9a2c60c elementor-widget elementor-widget-rt-title\" data-id=\"9a2c60c\" data-element_type=\"widget\" data-widget_type=\"rt-title.default\">\n\t\t\t\t<div class=\"elementor-widget-container\">\n\t\t\t\r\n<div class=\"rt-el-title section-heading heading-dark heading-layout5 style3\">\r\n\t<h2 class=\"rtin-title\">Departments Slider 3<\/h2>\r\n<\/div>\r\n\r\n\t\t<\/div>\n\t\t\t\t<\/div>\n\t\t\t\t<div class=\"elementor-element elementor-element-e478ed3 elementor-widget elementor-widget-rt-departments-slider\" data-id=\"e478ed3\" data-element_type=\"widget\" data-widget_type=\"rt-departments-slider.default\">\n\t\t\t\t<div class=\"elementor-widget-container\">\n\t\t\t\r\n<div class=\"departments-wrap-layout2 rc-carousel nav-control-layout-top  slider-nav-enabled\">\r\n\t<div class=\"owl-theme owl-carousel rt-owl-carousel\" data-carousel-options=\"{&quot;nav&quot;:true,&quot;dots&quot;:false,&quot;navText&quot;:[&quot;&lt;i class=&#039;fa fa-angle-left&#039;&gt;&lt;\\\/i&gt;&quot;,&quot;&lt;i class=&#039;fa fa-angle-right&#039;&gt;&lt;\\\/i&gt;&quot;],&quot;autoplay&quot;:true,&quot;autoplayTimeout&quot;:&quot;5000&quot;,&quot;autoplaySpeed&quot;:200,&quot;autoplayHoverPause&quot;:true,&quot;loop&quot;:true,&quot;margin&quot;:20,&quot;responsive&quot;:{&quot;0&quot;:{&quot;items&quot;:1},&quot;480&quot;:{&quot;items&quot;:2},&quot;768&quot;:{&quot;items&quot;:2},&quot;992&quot;:{&quot;items&quot;:3},&quot;1200&quot;:{&quot;items&quot;:4}}}\">\r\n\r\n\t\t\t\t\t\t\t\t\t\t\t\t\t\t\t\t\r\n\r\n\t\t\t\t<div class=\"rtin-item\">\r\n\t\t\t\t\t<div class=\"departments-box-layout4\">\r\n\t\t\t\t\t\t<div class=\"box-content\">\t\t\t\t\t\t\t\r\n\t\t\t\t\t\t\t\t             \r\n\t\t\t\t\t\t\t\t \r\n\t\t\t\t\t\t\t\t    <div class=\"icon-img non-hover\">\r\n\t\t\t\t\t\t\t\t    \t<img decoding=\"async\" width=\"70\" height=\"70\" src=\"https:\/\/www.mediesttipmerkezi.com\/wp-content\/uploads\/2019\/01\/Fizik-Tedavi-Ve-Rehabilitasyon-70x70.png\" class=\"attachment-medilink-size6 size-medilink-size6\" alt=\"\" srcset=\"https:\/\/www.mediesttipmerkezi.com\/wp-content\/uploads\/2019\/01\/Fizik-Tedavi-Ve-Rehabilitasyon-70x70.png 70w, https:\/\/www.mediesttipmerkezi.com\/wp-content\/uploads\/2019\/01\/Fizik-Tedavi-Ve-Rehabilitasyon-12x12.png 12w, https:\/\/www.mediesttipmerkezi.com\/wp-content\/uploads\/2019\/01\/Fizik-Tedavi-Ve-Rehabilitasyon.png 98w\" sizes=\"(max-width: 70px) 100vw, 70px\" \/>\t\t\t\t\t\t\t\t    <\/div>\r\n\t\t\t\t\t\t\t\t    <div class=\"icon-img hover\">\r\n\t\t\t\t\t\t\t\t    \t<img loading=\"lazy\" decoding=\"async\" width=\"70\" height=\"70\" src=\"https:\/\/www.mediesttipmerkezi.com\/wp-content\/uploads\/2019\/01\/Fizik-Tedavi-Ve-Rehabilitasyon1-70x70.png\" class=\"attachment-medilink-size6 size-medilink-size6\" alt=\"\" srcset=\"https:\/\/www.mediesttipmerkezi.com\/wp-content\/uploads\/2019\/01\/Fizik-Tedavi-Ve-Rehabilitasyon1-70x70.png 70w, https:\/\/www.mediesttipmerkezi.com\/wp-content\/uploads\/2019\/01\/Fizik-Tedavi-Ve-Rehabilitasyon1-12x12.png 12w, https:\/\/www.mediesttipmerkezi.com\/wp-content\/uploads\/2019\/01\/Fizik-Tedavi-Ve-Rehabilitasyon1.png 98w\" sizes=\"(max-width: 70px) 100vw, 70px\" \/>\t\t\t\t\t\t\t\t    <\/div>\r\n\t\t\t\t\t\t\t\t                                \t\t\t\t\t\t\t<h3 class=\"item-title\"><a href=\"https:\/\/www.mediesttipmerkezi.com\/en\/tibbi-birimlerimiz\/medikal-estetik\/\">Medical Aesthetics<\/a><\/h3>\r\n\t\t\t\t\t\t\t<p>Medical Aesthetics Unit \u2013 Mediest Medical Center<\/p>\r\n\t\t\t\t\t\t<\/div>\r\n\t\t\t\t\t\t<\/div>\r\n\t\t\t\t<\/div>\r\n\t\t\t\t\t\t\t\t\t\t\t\t\t\t\r\n\r\n\t\t\t\t<div class=\"rtin-item\">\r\n\t\t\t\t\t<div class=\"departments-box-layout4\">\r\n\t\t\t\t\t\t<div class=\"box-content\">\t\t\t\t\t\t\t\r\n\t\t\t\t\t\t\t\t             \r\n\t\t\t\t\t\t\t\t \r\n\t\t\t\t\t\t\t\t    <div class=\"icon-img non-hover\">\r\n\t\t\t\t\t\t\t\t    \t<img decoding=\"async\" width=\"70\" height=\"70\" src=\"https:\/\/www.mediesttipmerkezi.com\/wp-content\/uploads\/2019\/01\/pediatrician-1-70x70.png\" class=\"attachment-medilink-size6 size-medilink-size6\" alt=\"\" srcset=\"https:\/\/www.mediesttipmerkezi.com\/wp-content\/uploads\/2019\/01\/pediatrician-1-70x70.png 70w, https:\/\/www.mediesttipmerkezi.com\/wp-content\/uploads\/2019\/01\/pediatrician-1-12x12.png 12w, https:\/\/www.mediesttipmerkezi.com\/wp-content\/uploads\/2019\/01\/pediatrician-1.png 98w\" sizes=\"(max-width: 70px) 100vw, 70px\" \/>\t\t\t\t\t\t\t\t    <\/div>\r\n\t\t\t\t\t\t\t\t    <div class=\"icon-img hover\">\r\n\t\t\t\t\t\t\t\t    \t<img loading=\"lazy\" decoding=\"async\" width=\"70\" height=\"70\" src=\"https:\/\/www.mediesttipmerkezi.com\/wp-content\/uploads\/2019\/01\/pediatrician1-70x70.png\" class=\"attachment-medilink-size6 size-medilink-size6\" alt=\"\" srcset=\"https:\/\/www.mediesttipmerkezi.com\/wp-content\/uploads\/2019\/01\/pediatrician1-70x70.png 70w, https:\/\/www.mediesttipmerkezi.com\/wp-content\/uploads\/2019\/01\/pediatrician1-12x12.png 12w, https:\/\/www.mediesttipmerkezi.com\/wp-content\/uploads\/2019\/01\/pediatrician1.png 98w\" sizes=\"(max-width: 70px) 100vw, 70px\" \/>\t\t\t\t\t\t\t\t    <\/div>\r\n\t\t\t\t\t\t\t\t                                \t\t\t\t\t\t\t<h3 class=\"item-title\"><a href=\"https:\/\/www.mediesttipmerkezi.com\/en\/tibbi-birimlerimiz\/cocuk-sagligi-ve-hastaliklari\/\">Child Health and Diseases<\/a><\/h3>\r\n\t\t\t\t\t\t\t<p>Child health and diseases are covered by the branch of medicine called pediatrics\u2026<\/p>\r\n\t\t\t\t\t\t<\/div>\r\n\t\t\t\t\t\t<\/div>\r\n\t\t\t\t<\/div>\r\n\t\t\t\t\t\t\t\t\t\t\t\t\t\t\r\n\r\n\t\t\t\t<div class=\"rtin-item\">\r\n\t\t\t\t\t<div class=\"departments-box-layout4\">\r\n\t\t\t\t\t\t<div class=\"box-content\">\t\t\t\t\t\t\t\r\n\t\t\t\t\t\t\t\t             \r\n\t\t\t\t\t\t\t\t \r\n\t\t\t\t\t\t\t\t    <div class=\"icon-img non-hover\">\r\n\t\t\t\t\t\t\t\t    \t<img decoding=\"async\" width=\"70\" height=\"70\" src=\"https:\/\/www.mediesttipmerkezi.com\/wp-content\/uploads\/2019\/01\/INTERNAL-DISEASBBES-70x70.png\" class=\"attachment-medilink-size6 size-medilink-size6\" alt=\"\" srcset=\"https:\/\/www.mediesttipmerkezi.com\/wp-content\/uploads\/2019\/01\/INTERNAL-DISEASBBES-70x70.png 70w, https:\/\/www.mediesttipmerkezi.com\/wp-content\/uploads\/2019\/01\/INTERNAL-DISEASBBES-12x12.png 12w, https:\/\/www.mediesttipmerkezi.com\/wp-content\/uploads\/2019\/01\/INTERNAL-DISEASBBES.png 98w\" sizes=\"(max-width: 70px) 100vw, 70px\" \/>\t\t\t\t\t\t\t\t    <\/div>\r\n\t\t\t\t\t\t\t\t    <div class=\"icon-img hover\">\r\n\t\t\t\t\t\t\t\t    \t<img loading=\"lazy\" decoding=\"async\" width=\"70\" height=\"70\" src=\"https:\/\/www.mediesttipmerkezi.com\/wp-content\/uploads\/2019\/01\/INTERNAL-DISEASES-1-70x70.png\" class=\"attachment-medilink-size6 size-medilink-size6\" alt=\"\" srcset=\"https:\/\/www.mediesttipmerkezi.com\/wp-content\/uploads\/2019\/01\/INTERNAL-DISEASES-1-70x70.png 70w, https:\/\/www.mediesttipmerkezi.com\/wp-content\/uploads\/2019\/01\/INTERNAL-DISEASES-1-12x12.png 12w, https:\/\/www.mediesttipmerkezi.com\/wp-content\/uploads\/2019\/01\/INTERNAL-DISEASES-1.png 98w\" sizes=\"(max-width: 70px) 100vw, 70px\" \/>\t\t\t\t\t\t\t\t    <\/div>\r\n\t\t\t\t\t\t\t\t                                \t\t\t\t\t\t\t<h3 class=\"item-title\"><a href=\"https:\/\/www.mediesttipmerkezi.com\/en\/tibbi-birimlerimiz\/ic-hastaliklari\/\">Internal diseases<\/a><\/h3>\r\n\t\t\t\t\t\t\t<p>Internal medicine is a field of medicine generally known as \u201cinternal medicine\u201d.<\/p>\r\n\t\t\t\t\t\t<\/div>\r\n\t\t\t\t\t\t<\/div>\r\n\t\t\t\t<\/div>\r\n\t\t\t\t\t\t\t\t\t\t\t\t\t\t\r\n\r\n\t\t\t\t<div class=\"rtin-item\">\r\n\t\t\t\t\t<div class=\"departments-box-layout4\">\r\n\t\t\t\t\t\t<div class=\"box-content\">\t\t\t\t\t\t\t\r\n\t\t\t\t\t\t\t\t             \r\n\t\t\t\t\t\t\t\t \r\n\t\t\t\t\t\t\t\t    <div class=\"icon-img non-hover\">\r\n\t\t\t\t\t\t\t\t    \t<img decoding=\"async\" width=\"70\" height=\"70\" src=\"https:\/\/www.mediesttipmerkezi.com\/wp-content\/uploads\/2019\/01\/Fizik-Tedavi-Ve-Rehabilitasyon-70x70.png\" class=\"attachment-medilink-size6 size-medilink-size6\" alt=\"\" srcset=\"https:\/\/www.mediesttipmerkezi.com\/wp-content\/uploads\/2019\/01\/Fizik-Tedavi-Ve-Rehabilitasyon-70x70.png 70w, https:\/\/www.mediesttipmerkezi.com\/wp-content\/uploads\/2019\/01\/Fizik-Tedavi-Ve-Rehabilitasyon-12x12.png 12w, https:\/\/www.mediesttipmerkezi.com\/wp-content\/uploads\/2019\/01\/Fizik-Tedavi-Ve-Rehabilitasyon.png 98w\" sizes=\"(max-width: 70px) 100vw, 70px\" \/>\t\t\t\t\t\t\t\t    <\/div>\r\n\t\t\t\t\t\t\t\t    <div class=\"icon-img hover\">\r\n\t\t\t\t\t\t\t\t    \t<img loading=\"lazy\" decoding=\"async\" width=\"70\" height=\"70\" src=\"https:\/\/www.mediesttipmerkezi.com\/wp-content\/uploads\/2019\/01\/Fizik-Tedavi-Ve-Rehabilitasyon1-70x70.png\" class=\"attachment-medilink-size6 size-medilink-size6\" alt=\"\" srcset=\"https:\/\/www.mediesttipmerkezi.com\/wp-content\/uploads\/2019\/01\/Fizik-Tedavi-Ve-Rehabilitasyon1-70x70.png 70w, https:\/\/www.mediesttipmerkezi.com\/wp-content\/uploads\/2019\/01\/Fizik-Tedavi-Ve-Rehabilitasyon1-12x12.png 12w, https:\/\/www.mediesttipmerkezi.com\/wp-content\/uploads\/2019\/01\/Fizik-Tedavi-Ve-Rehabilitasyon1.png 98w\" sizes=\"(max-width: 70px) 100vw, 70px\" \/>\t\t\t\t\t\t\t\t    <\/div>\r\n\t\t\t\t\t\t\t\t                                \t\t\t\t\t\t\t<h3 class=\"item-title\"><a href=\"https:\/\/www.mediesttipmerkezi.com\/en\/tibbi-birimlerimiz\/fizik-tedavi-ve-rehabilitasyon\/\">Physical therapy and rehabilitation<\/a><\/h3>\r\n\t\t\t\t\t\t\t<p>Physical therapy and rehabilitation, accident, trauma, congenital disorders or\u2026<\/p>\r\n\t\t\t\t\t\t<\/div>\r\n\t\t\t\t\t\t<\/div>\r\n\t\t\t\t<\/div>\r\n\t\t\t\t\t\t\t\t<\/div>\r\n<\/div>\t\t<\/div>\n\t\t\t\t<\/div>\n\t\t\t\t\t<\/div>\n\t\t<\/div>\n\t\t\t\t\t<\/div>\n\t\t<\/section>\n\t\t\t\t<\/div>","protected":false},"excerpt":{"rendered":"<p>Departments Slider 1 1 Eye Care Here are many variations of passages of Lorem Ipsum available, but the majority have suffered&hellip; READ MORE 2 Dental Care Aorem Ipsumea dummy texte printing setting detry bringin eight challenges faced. Nisi mauris et adipisc&hellip; READ MORE 3 Primary Care Aorem Ipsumea dummy texte printing setting detry bringin eight&#8230;<\/p>","protected":false},"author":1,"featured_media":0,"parent":0,"menu_order":0,"comment_status":"closed","ping_status":"closed","template":"","meta":{"footnotes":""},"class_list":["post-844","page","type-page","status-publish","hentry"],"_links":{"self":[{"href":"https:\/\/www.mediesttipmerkezi.com\/en\/wp-json\/wp\/v2\/pages\/844","targetHints":{"allow":["GET"]}}],"collection":[{"href":"https:\/\/www.mediesttipmerkezi.com\/en\/wp-json\/wp\/v2\/pages"}],"about":[{"href":"https:\/\/www.mediesttipmerkezi.com\/en\/wp-json\/wp\/v2\/types\/page"}],"author":[{"embeddable":true,"href":"https:\/\/www.mediesttipmerkezi.com\/en\/wp-json\/wp\/v2\/users\/1"}],"replies":[{"embeddable":true,"href":"https:\/\/www.mediesttipmerkezi.com\/en\/wp-json\/wp\/v2\/comments?post=844"}],"version-history":[{"count":0,"href":"https:\/\/www.mediesttipmerkezi.com\/en\/wp-json\/wp\/v2\/pages\/844\/revisions"}],"wp:attachment":[{"href":"https:\/\/www.mediesttipmerkezi.com\/en\/wp-json\/wp\/v2\/media?parent=844"}],"curies":[{"name":"wp","href":"https:\/\/api.w.org\/{rel}","templated":true}]}}