{"id":775,"date":"2018-11-26T09:02:32","date_gmt":"2018-11-26T09:02:32","guid":{"rendered":"https:\/\/www.mediesttipmerkezi.com\/?page_id=775"},"modified":"2021-11-22T06:17:10","modified_gmt":"2021-11-22T06:17:10","slug":"post-grid","status":"publish","type":"page","link":"https:\/\/www.mediesttipmerkezi.com\/en\/elements\/post-grid\/","title":{"rendered":"Post Grid"},"content":{"rendered":"<div data-elementor-type=\"wp-post\" data-elementor-id=\"775\" class=\"elementor elementor-775\" data-elementor-post-type=\"page\">\n\t\t\t\t\t\t<section class=\"elementor-section elementor-top-section elementor-element elementor-element-079b649 elementor-section-stretched elementor-section-boxed elementor-section-height-default elementor-section-height-default\" data-id=\"079b649\" data-element_type=\"section\" data-settings=\"{&quot;stretch_section&quot;:&quot;section-stretched&quot;,&quot;background_background&quot;:&quot;classic&quot;}\">\n\t\t\t\t\t\t<div class=\"elementor-container elementor-column-gap-default\">\n\t\t\t\t\t<div class=\"elementor-column elementor-col-100 elementor-top-column elementor-element elementor-element-09af4cb\" data-id=\"09af4cb\" data-element_type=\"column\">\n\t\t\t<div class=\"elementor-widget-wrap elementor-element-populated\">\n\t\t\t\t\t\t<div class=\"elementor-element elementor-element-f40b3cf elementor-widget elementor-widget-rt-title\" data-id=\"f40b3cf\" data-element_type=\"widget\" data-widget_type=\"rt-title.default\">\n\t\t\t\t<div class=\"elementor-widget-container\">\n\t\t\t\r\n<div class=\"rt-el-title section-heading heading-dark heading-layout5 style3\">\r\n\t<h2 class=\"rtin-title\">Post Grid layout -1<\/h2>\r\n<\/div>\r\n\r\n\t\t<\/div>\n\t\t\t\t<\/div>\n\t\t\t\t<div class=\"elementor-element elementor-element-5f37500 elementor-widget elementor-widget-rt-blog-post\" data-id=\"5f37500\" data-element_type=\"widget\" data-widget_type=\"rt-blog-post.default\">\n\t\t\t\t<div class=\"elementor-widget-container\">\n\t\t\t\t\t\t<\/div>\n\t\t\t\t<\/div>\n\t\t\t\t\t<\/div>\n\t\t<\/div>\n\t\t\t\t\t<\/div>\n\t\t<\/section>\n\t\t\t\t<section class=\"elementor-section elementor-top-section elementor-element elementor-element-aba6c8a elementor-section-stretched elementor-section-boxed elementor-section-height-default elementor-section-height-default\" data-id=\"aba6c8a\" data-element_type=\"section\" data-settings=\"{&quot;stretch_section&quot;:&quot;section-stretched&quot;}\">\n\t\t\t\t\t\t<div class=\"elementor-container elementor-column-gap-default\">\n\t\t\t\t\t<div class=\"elementor-column elementor-col-100 elementor-top-column elementor-element elementor-element-bf80121\" data-id=\"bf80121\" data-element_type=\"column\">\n\t\t\t<div class=\"elementor-widget-wrap elementor-element-populated\">\n\t\t\t\t\t\t<div class=\"elementor-element elementor-element-3e743a8 elementor-widget elementor-widget-rt-title\" data-id=\"3e743a8\" data-element_type=\"widget\" data-widget_type=\"rt-title.default\">\n\t\t\t\t<div class=\"elementor-widget-container\">\n\t\t\t\r\n<div class=\"rt-el-title section-heading heading-dark heading-layout5 style3\">\r\n\t<h2 class=\"rtin-title\">Post Grid layout -2<\/h2>\r\n<\/div>\r\n\r\n\t\t<\/div>\n\t\t\t\t<\/div>\n\t\t\t\t<div class=\"elementor-element elementor-element-72a18da elementor-widget elementor-widget-rt-blog-post\" data-id=\"72a18da\" data-element_type=\"widget\" data-widget_type=\"rt-blog-post.default\">\n\t\t\t\t<div class=\"elementor-widget-container\">\n\t\t\t\r\n<div class=\"rt-el-blgo-post row\">\r\n\r\n\t\t\t\t\t\t\t\t\t<div class=\"rtin-item post-each col-lg-4 col-md-6 col-sm-6 col-xs-12\">\r\n\t\t\t\t\t\t\t<div class=\"entry-thumbnail-area\">\r\n\t\t\t\t\t<a href=\"https:\/\/www.mediesttipmerkezi.com\/en\/anti-inflamatuar-beslenme-kronik-enflamasyonla-mucadelede-diyetin-rolu\/\" class=\"entry-title\" rel=\"bookmark\">\r\n\t\t\t\t\t\t<img fetchpriority=\"high\" decoding=\"async\" width=\"665\" height=\"494\" src=\"https:\/\/www.mediesttipmerkezi.com\/wp-content\/uploads\/2024\/01\/107-665x494.jpg\" class=\"attachment-medilink-size2 size-medilink-size2 wp-post-image\" alt=\"\" srcset=\"https:\/\/www.mediesttipmerkezi.com\/wp-content\/uploads\/2024\/01\/107-665x494.jpg 665w, https:\/\/www.mediesttipmerkezi.com\/wp-content\/uploads\/2024\/01\/107-18x12.jpg 18w\" sizes=\"(max-width: 665px) 100vw, 665px\" \/>\t\t\t\t\t\t\t\t\r\n\t\t\t\t\t<\/a>\r\n\t\t\t\t<\/div>\r\n\t\t\t\t\t\t<div class=\"entry-content-area\">\r\n\t\t\t\t<div class=\"entry-header\">\r\n\t\t\t\t\t\t\t\t\t\t<h3><a href=\"https:\/\/www.mediesttipmerkezi.com\/en\/anti-inflamatuar-beslenme-kronik-enflamasyonla-mucadelede-diyetin-rolu\/\" class=\"entry-title\" rel=\"bookmark\">Anti-Inflammatory Nutrition: The Role of Diet in Fighting Chronic Inflammation<\/a><\/h3>\t\t\t\r\n\t\t\t\t<\/div>\r\n\t\t\t\t<div class=\"entry-content\">\r\n\t\t\t\t\t <p>Anti-inflamatuar beslenme, kronik enflamasyonun y\u00f6netilmesi ve azalt\u0131lmas\u0131na yard\u0131mc\u0131 olan bir beslenme yakla\u015f\u0131m\u0131d\u0131r. Kronik enflamasyon, bir\u00e7ok kronik hastal\u0131\u011f\u0131n alt\u0131nda&hellip;<\/p>\t\t\t\t\t\t\t\t\t<\/div>\r\n\t\t\t<\/div>\t\r\n\t\t\t<\/div>\t\r\n\t\t\t\t\t\t\t\t<div class=\"rtin-item post-each col-lg-4 col-md-6 col-sm-6 col-xs-12\">\r\n\t\t\t\t\t\t\t<div class=\"entry-thumbnail-area\">\r\n\t\t\t\t\t<a href=\"https:\/\/www.mediesttipmerkezi.com\/en\/bagirsak-sagligi-ve-fonksiyonel-beslenme-mikrobiyota-dostu-diyetler\/\" class=\"entry-title\" rel=\"bookmark\">\r\n\t\t\t\t\t\t<img decoding=\"async\" width=\"665\" height=\"494\" src=\"https:\/\/www.mediesttipmerkezi.com\/wp-content\/uploads\/2024\/01\/105-665x494.jpg\" class=\"attachment-medilink-size2 size-medilink-size2 wp-post-image\" alt=\"\" srcset=\"https:\/\/www.mediesttipmerkezi.com\/wp-content\/uploads\/2024\/01\/105-665x494.jpg 665w, https:\/\/www.mediesttipmerkezi.com\/wp-content\/uploads\/2024\/01\/105-18x12.jpg 18w\" sizes=\"(max-width: 665px) 100vw, 665px\" \/>\t\t\t\t\t\t\t\t\r\n\t\t\t\t\t<\/a>\r\n\t\t\t\t<\/div>\r\n\t\t\t\t\t\t<div class=\"entry-content-area\">\r\n\t\t\t\t<div class=\"entry-header\">\r\n\t\t\t\t\t\t\t\t\t\t<h3><a href=\"https:\/\/www.mediesttipmerkezi.com\/en\/bagirsak-sagligi-ve-fonksiyonel-beslenme-mikrobiyota-dostu-diyetler\/\" class=\"entry-title\" rel=\"bookmark\">Gut Health and Functional Nutrition: Microbiota-Friendly Diets<\/a><\/h3>\t\t\t\r\n\t\t\t\t<\/div>\r\n\t\t\t\t<div class=\"entry-content\">\r\n\t\t\t\t\t <p>Ba\u011f\u0131rsak sa\u011fl\u0131\u011f\u0131 ve fonksiyonel beslenme aras\u0131ndaki ili\u015fki giderek daha fazla ilgi \u00e7ekmektedir. Ba\u011f\u0131rsak sa\u011fl\u0131\u011f\u0131n\u0131 iyile\u015ftirmek ve korumak, genel&hellip;<\/p>\t\t\t\t\t\t\t\t\t<\/div>\r\n\t\t\t<\/div>\t\r\n\t\t\t<\/div>\t\r\n\t\t\t\t\t\t\t\t<div class=\"rtin-item post-each col-lg-4 col-md-6 col-sm-6 col-xs-12\">\r\n\t\t\t\t\t\t\t<div class=\"entry-thumbnail-area\">\r\n\t\t\t\t\t<a href=\"https:\/\/www.mediesttipmerkezi.com\/en\/bagirsak-sagligi-ve-fonksiyonel-diyetisyenlik-mikrobiyota-fokuslu-beslenme\/\" class=\"entry-title\" rel=\"bookmark\">\r\n\t\t\t\t\t\t<img decoding=\"async\" width=\"665\" height=\"494\" src=\"https:\/\/www.mediesttipmerkezi.com\/wp-content\/uploads\/2024\/01\/87-665x494.jpg\" class=\"attachment-medilink-size2 size-medilink-size2 wp-post-image\" alt=\"\" srcset=\"https:\/\/www.mediesttipmerkezi.com\/wp-content\/uploads\/2024\/01\/87-665x494.jpg 665w, https:\/\/www.mediesttipmerkezi.com\/wp-content\/uploads\/2024\/01\/87-18x12.jpg 18w\" sizes=\"(max-width: 665px) 100vw, 665px\" \/>\t\t\t\t\t\t\t\t\r\n\t\t\t\t\t<\/a>\r\n\t\t\t\t<\/div>\r\n\t\t\t\t\t\t<div class=\"entry-content-area\">\r\n\t\t\t\t<div class=\"entry-header\">\r\n\t\t\t\t\t\t\t\t\t\t<h3><a href=\"https:\/\/www.mediesttipmerkezi.com\/en\/bagirsak-sagligi-ve-fonksiyonel-diyetisyenlik-mikrobiyota-fokuslu-beslenme\/\" class=\"entry-title\" rel=\"bookmark\">Gut Health and Functional Nutrition: Microbiota-Friendly Diets<\/a><\/h3>\t\t\t\r\n\t\t\t\t<\/div>\r\n\t\t\t\t<div class=\"entry-content\">\r\n\t\t\t\t\t <p>Ba\u011f\u0131rsak sa\u011fl\u0131\u011f\u0131, genel sa\u011fl\u0131k ve iyilik hali i\u00e7in \u00f6nemlidir. Bu makalede, ba\u011f\u0131rsak sa\u011fl\u0131\u011f\u0131n\u0131n \u00f6nemi ve mikrobiyota-fok\u00fcsl\u00fc beslenme ile&hellip;<\/p>\t\t\t\t\t\t\t\t\t<\/div>\r\n\t\t\t<\/div>\t\r\n\t\t\t<\/div>\t\r\n\t\t<\/div>\t\t<\/div>\n\t\t\t\t<\/div>\n\t\t\t\t\t<\/div>\n\t\t<\/div>\n\t\t\t\t\t<\/div>\n\t\t<\/section>\n\t\t\t\t<section class=\"elementor-section elementor-top-section elementor-element elementor-element-3f6fa72 elementor-section-stretched elementor-section-boxed elementor-section-height-default elementor-section-height-default\" data-id=\"3f6fa72\" data-element_type=\"section\" data-settings=\"{&quot;stretch_section&quot;:&quot;section-stretched&quot;,&quot;background_background&quot;:&quot;classic&quot;}\">\n\t\t\t\t\t\t<div class=\"elementor-container elementor-column-gap-default\">\n\t\t\t\t\t<div class=\"elementor-column elementor-col-100 elementor-top-column elementor-element elementor-element-2ba9497\" data-id=\"2ba9497\" data-element_type=\"column\">\n\t\t\t<div class=\"elementor-widget-wrap elementor-element-populated\">\n\t\t\t\t\t\t<div class=\"elementor-element elementor-element-fde2bea elementor-widget elementor-widget-rt-title\" data-id=\"fde2bea\" data-element_type=\"widget\" data-widget_type=\"rt-title.default\">\n\t\t\t\t<div class=\"elementor-widget-container\">\n\t\t\t\r\n<div class=\"rt-el-title section-heading heading-dark heading-layout5 style3\">\r\n\t<h2 class=\"rtin-title\">Post Grid layout - 3<\/h2>\r\n<\/div>\r\n\r\n\t\t<\/div>\n\t\t\t\t<\/div>\n\t\t\t\t<div class=\"elementor-element elementor-element-7aa03d1 elementor-widget elementor-widget-rt-blog-post\" data-id=\"7aa03d1\" data-element_type=\"widget\" data-widget_type=\"rt-blog-post.default\">\n\t\t\t\t<div class=\"elementor-widget-container\">\n\t\t\t\r\n<div class=\"rt-el-blgo-post row\">\r\n\t\t\t\t<\/div>\t\t<\/div>\n\t\t\t\t<\/div>\n\t\t\t\t\t<\/div>\n\t\t<\/div>\n\t\t\t\t\t<\/div>\n\t\t<\/section>\n\t\t\t\t<section class=\"elementor-section elementor-top-section elementor-element elementor-element-0554dce elementor-section-stretched elementor-section-boxed elementor-section-height-default elementor-section-height-default\" data-id=\"0554dce\" data-element_type=\"section\" data-settings=\"{&quot;stretch_section&quot;:&quot;section-stretched&quot;}\">\n\t\t\t\t\t\t<div class=\"elementor-container elementor-column-gap-default\">\n\t\t\t\t\t<div class=\"elementor-column elementor-col-100 elementor-top-column elementor-element elementor-element-aaa39d9\" data-id=\"aaa39d9\" data-element_type=\"column\">\n\t\t\t<div class=\"elementor-widget-wrap elementor-element-populated\">\n\t\t\t\t\t\t<div class=\"elementor-element elementor-element-193fe49 elementor-widget elementor-widget-rt-title\" data-id=\"193fe49\" data-element_type=\"widget\" data-widget_type=\"rt-title.default\">\n\t\t\t\t<div class=\"elementor-widget-container\">\n\t\t\t\r\n<div class=\"rt-el-title section-heading heading-dark heading-layout5 style3\">\r\n\t<h2 class=\"rtin-title\">Post Grid layout - 4<\/h2>\r\n<\/div>\r\n\r\n\t\t<\/div>\n\t\t\t\t<\/div>\n\t\t\t\t<div class=\"elementor-element elementor-element-323e807 elementor-widget elementor-widget-rt-blog-post\" data-id=\"323e807\" data-element_type=\"widget\" data-widget_type=\"rt-blog-post.default\">\n\t\t\t\t<div class=\"elementor-widget-container\">\n\t\t\t\r\n<div class=\"rt-el-blgo-post row\">\r\n\t\t<\/div>\t\t<\/div>\n\t\t\t\t<\/div>\n\t\t\t\t\t<\/div>\n\t\t<\/div>\n\t\t\t\t\t<\/div>\n\t\t<\/section>\n\t\t\t\t<section class=\"elementor-section elementor-top-section elementor-element elementor-element-4688cfe elementor-section-stretched elementor-section-boxed elementor-section-height-default elementor-section-height-default\" data-id=\"4688cfe\" data-element_type=\"section\" data-settings=\"{&quot;stretch_section&quot;:&quot;section-stretched&quot;,&quot;background_background&quot;:&quot;classic&quot;}\">\n\t\t\t\t\t\t<div class=\"elementor-container elementor-column-gap-default\">\n\t\t\t\t\t<div class=\"elementor-column elementor-col-100 elementor-top-column elementor-element elementor-element-a95159f\" data-id=\"a95159f\" data-element_type=\"column\">\n\t\t\t<div class=\"elementor-widget-wrap elementor-element-populated\">\n\t\t\t\t\t\t<div class=\"elementor-element elementor-element-aeb67c8 elementor-widget elementor-widget-rt-title\" data-id=\"aeb67c8\" data-element_type=\"widget\" data-widget_type=\"rt-title.default\">\n\t\t\t\t<div class=\"elementor-widget-container\">\n\t\t\t\r\n<div class=\"rt-el-title section-heading heading-dark heading-layout5 style3\">\r\n\t<h2 class=\"rtin-title\">Post Grid layout - 5<\/h2>\r\n<\/div>\r\n\r\n\t\t<\/div>\n\t\t\t\t<\/div>\n\t\t\t\t<div class=\"elementor-element elementor-element-7de510f elementor-widget elementor-widget-rt-blog-post\" data-id=\"7de510f\" data-element_type=\"widget\" data-widget_type=\"rt-blog-post.default\">\n\t\t\t\t<div class=\"elementor-widget-container\">\n\t\t\t\r\n\r\n<div class=\"row justify-content-center\">\r\n\t\t<\/div>\t\t<\/div>\n\t\t\t\t<\/div>\n\t\t\t\t\t<\/div>\n\t\t<\/div>\n\t\t\t\t\t<\/div>\n\t\t<\/section>\n\t\t\t\t<section class=\"elementor-section elementor-top-section elementor-element elementor-element-0a13ba8 elementor-section-stretched elementor-section-boxed elementor-section-height-default elementor-section-height-default\" data-id=\"0a13ba8\" data-element_type=\"section\" data-settings=\"{&quot;stretch_section&quot;:&quot;section-stretched&quot;}\">\n\t\t\t\t\t\t<div class=\"elementor-container elementor-column-gap-default\">\n\t\t\t\t\t<div class=\"elementor-column elementor-col-100 elementor-top-column elementor-element elementor-element-8649d21\" data-id=\"8649d21\" data-element_type=\"column\">\n\t\t\t<div class=\"elementor-widget-wrap elementor-element-populated\">\n\t\t\t\t\t\t<div class=\"elementor-element elementor-element-9c1d202 elementor-widget elementor-widget-rt-title\" data-id=\"9c1d202\" data-element_type=\"widget\" data-widget_type=\"rt-title.default\">\n\t\t\t\t<div class=\"elementor-widget-container\">\n\t\t\t\r\n<div class=\"rt-el-title section-heading heading-dark heading-layout5 style3\">\r\n\t<h2 class=\"rtin-title\">Post Grid layout - 6<\/h2>\r\n<\/div>\r\n\r\n\t\t<\/div>\n\t\t\t\t<\/div>\n\t\t\t\t<div class=\"elementor-element elementor-element-2b81286 elementor-widget elementor-widget-rt-blog-post\" data-id=\"2b81286\" data-element_type=\"widget\" data-widget_type=\"rt-blog-post.default\">\n\t\t\t\t<div class=\"elementor-widget-container\">\n\t\t\t\r\n<div class=\"row justify-content-center\">\r\n\t\t<\/div>\t\t<\/div>\n\t\t\t\t<\/div>\n\t\t\t\t\t<\/div>\n\t\t<\/div>\n\t\t\t\t\t<\/div>\n\t\t<\/section>\n\t\t\t\t<\/div>","protected":false},"excerpt":{"rendered":"<p>Post Grid layout -1 Your Medical Records are Safe now a days. November 15, 2018 Posted by admin Fummy text of the prnting and type news seting industrs standard known prin aretertook a printing and typenews&hellip; Medical Records are Safe Your now a days November 15, 2018 Posted by admin Fummy text of the prnting&#8230;<\/p>","protected":false},"author":1,"featured_media":0,"parent":496,"menu_order":0,"comment_status":"closed","ping_status":"closed","template":"","meta":{"footnotes":""},"class_list":["post-775","page","type-page","status-publish","hentry"],"_links":{"self":[{"href":"https:\/\/www.mediesttipmerkezi.com\/en\/wp-json\/wp\/v2\/pages\/775","targetHints":{"allow":["GET"]}}],"collection":[{"href":"https:\/\/www.mediesttipmerkezi.com\/en\/wp-json\/wp\/v2\/pages"}],"about":[{"href":"https:\/\/www.mediesttipmerkezi.com\/en\/wp-json\/wp\/v2\/types\/page"}],"author":[{"embeddable":true,"href":"https:\/\/www.mediesttipmerkezi.com\/en\/wp-json\/wp\/v2\/users\/1"}],"replies":[{"embeddable":true,"href":"https:\/\/www.mediesttipmerkezi.com\/en\/wp-json\/wp\/v2\/comments?post=775"}],"version-history":[{"count":0,"href":"https:\/\/www.mediesttipmerkezi.com\/en\/wp-json\/wp\/v2\/pages\/775\/revisions"}],"up":[{"embeddable":true,"href":"https:\/\/www.mediesttipmerkezi.com\/en\/wp-json\/wp\/v2\/pages\/496"}],"wp:attachment":[{"href":"https:\/\/www.mediesttipmerkezi.com\/en\/wp-json\/wp\/v2\/media?parent=775"}],"curies":[{"name":"wp","href":"https:\/\/api.w.org\/{rel}","templated":true}]}}