{"id":627,"date":"2018-11-14T10:04:09","date_gmt":"2018-11-14T10:04:09","guid":{"rendered":"https:\/\/www.mediesttipmerkezi.com\/?page_id=627"},"modified":"2024-12-13T07:51:21","modified_gmt":"2024-12-13T07:51:21","slug":"doktorlarimz","status":"publish","type":"page","link":"https:\/\/www.mediesttipmerkezi.com\/en\/doktorlarimz\/","title":{"rendered":"Doktorlar\u0131m\u0131z"},"content":{"rendered":"<div data-elementor-type=\"wp-post\" data-elementor-id=\"627\" class=\"elementor elementor-627\" data-elementor-post-type=\"page\">\n\t\t\t\t\t\t<section class=\"elementor-section elementor-top-section elementor-element elementor-element-1ba88bc elementor-section-stretched elementor-section-boxed elementor-section-height-default elementor-section-height-default\" data-id=\"1ba88bc\" data-element_type=\"section\" data-settings=\"{&quot;stretch_section&quot;:&quot;section-stretched&quot;,&quot;background_background&quot;:&quot;classic&quot;}\">\n\t\t\t\t\t\t<div class=\"elementor-container elementor-column-gap-default\">\n\t\t\t\t\t<div class=\"elementor-column elementor-col-100 elementor-top-column elementor-element elementor-element-cbfe4fd\" data-id=\"cbfe4fd\" data-element_type=\"column\">\n\t\t\t<div class=\"elementor-widget-wrap elementor-element-populated\">\n\t\t\t\t\t\t<div class=\"elementor-element elementor-element-dd56230 elementor-widget elementor-widget-rt-title\" data-id=\"dd56230\" data-element_type=\"widget\" data-widget_type=\"rt-title.default\">\n\t\t\t\t<div class=\"elementor-widget-container\">\n\t\t\t\r\n\t<div class=\"rt-el-title section-heading heading-dark text-center heading-layout1 style1 theme1\">\r\n\t\t<h2 class=\"rtin-title\">Mediest Medical Center<\/h2>\r\n\t\t\t\t\t\t<p class=\"rtin-subtitle\">Doktor Kadromuz<\/p>\r\n\t\t\t\t<\/div>\r\n\t\t\t<\/div>\n\t\t\t\t<\/div>\n\t\t\t\t<div class=\"elementor-element elementor-element-baf39f8 elementor-widget elementor-widget-rt-doctor\" data-id=\"baf39f8\" data-element_type=\"widget\" data-widget_type=\"rt-doctor.default\">\n\t\t\t\t<div class=\"elementor-widget-container\">\n\t\t\t\r\n<div class=\"team-wrap-layout1 row no-equal-gallery\">\r\n\r\n\t\t\t\t\t\t\t\t\t\t<div class=\"rtin-item no-equal-item col-lg-3 col-md-6 col-sm-6 col-xs-12\">\r\n\t\t\t\t\t <div class=\"team-box-layout42\">\r\n\t\t\t\t\t\t <div class=\"item-mid\">\r\n\t                            \t\t\t\t\t\t\t\t\t    \r\n\t                        \t\t<div class=\"item-img\">                           \r\n\t\t\t\t\t\t\t\t\t   <img fetchpriority=\"high\" decoding=\"async\" width=\"213\" height=\"420\" src=\"https:\/\/www.mediesttipmerkezi.com\/wp-content\/uploads\/2024\/03\/FX304973-1-213x420.png\" class=\"attachment-medilink-size4 size-medilink-size4 wp-post-image\" alt=\"Uzman: Dr. Gizem Gencan\" \/>\t                            \r\n\t                        \t\t<\/div>\r\n\t                        \t                        <div class=\"item-content\">\r\n\t\t                        <div class=\"item-content-mid\">\r\n\t\t\t\t\t\t\t\t\t<h3 class=\"item-title\">\r\n\t\t\t\t\t\t\t\t\t<a href=\"https:\/\/www.mediesttipmerkezi.com\/en\/doktorlarimiz\/uzm-dr-gizem-gencan\/\">Uzm.Dr. Gizem Gencan<\/a>\r\n\t\t\t\t\t\t\t\t\t<\/h3>                       \r\n\t\t\t\t\t\t\t\t\t\t\t\t\t\t\t\t\t\t<p>Child Health and Diseases<\/p>\r\n\t\t\t\t\t\t\t\t\t\t\t\t\t\t\t\t\t\t<div class=\"item-social\">\r\n\t\t\t\t\t\t\t\t\t\t<ul>\r\n\t\t\t\t\t\t\t\t\t\t\t\t\t\t\t\t\t\t\t\t\t\t\t\t\t\t\t\t\t\t<li><a target=\"_blank\" href=\"#\"><i class=\"fa fa-facebook\" aria-hidden=\"true\"><\/i><\/a><\/li>\r\n\t\t\t\t\t\t\t\t\t\t\t\t\t\t\t\t\t\t\t\t\t\t\t\t\t\t\t\t\t\t\t\t\t\t\t\t\t\t\t\t<li><a target=\"_blank\" href=\"#\"><i class=\"fa fa-twitter\" aria-hidden=\"true\"><\/i><\/a><\/li>\r\n\t\t\t\t\t\t\t\t\t\t\t\t\t\t\t\t\t\t\t\t\t\t\t\t\t\t\t\t\t\t\t\t\t\t\t\t\t\t\t\t<li><a target=\"_blank\" href=\"#\"><i class=\"fa fa-linkedin\" aria-hidden=\"true\"><\/i><\/a><\/li>\r\n\t\t\t\t\t\t\t\t\t\t\t\t\t\t\t\t\t\t\t\t\t\t\t\t\t\t\t\t\t\t\t\t\t\t\t\t\t\t\t\t\t\t\t\t\t\t\t\t\t\t\t\t\t\t\t\t\t\t\t\t\t\t\t\t\t\t\t\t\t\t\t\t\t\t\t\t\t\t\t\t\t\t\t\t\t\t\t\t\t\t\t\t\t\t\t\t\t\t\t\t\t\t\t\t\t\t\t\t\t\t\t\t\t\t\t\t\t\t\t\t\t\t\t\t\t\t\t\t\t\t\t\t\t\t\t\t\t\t\t\t\t\t\t\t\t\t\t\t\t\t<\/ul>\r\n\t\t\t\t\t\t\t\t\t<\/div>\r\n\t\t\t\t\t\t\t    <\/div>\r\n\t\t\t\t\t\t    <\/div>\t\t\t\t\t  \t\t                      \r\n\t                    <\/div>\r\n\t                <\/div>\r\n                <\/div>\r\n\t\t\t\t\t\t\t\t\t\t<div class=\"rtin-item no-equal-item col-lg-3 col-md-6 col-sm-6 col-xs-12\">\r\n\t\t\t\t\t <div class=\"team-box-layout42\">\r\n\t\t\t\t\t\t <div class=\"item-mid\">\r\n\t                            \t\t\t\t\t\t\t\t\t    \r\n\t                        \t\t<div class=\"item-img\">                           \r\n\t\t\t\t\t\t\t\t\t   <img decoding=\"async\" width=\"213\" height=\"420\" src=\"https:\/\/www.mediesttipmerkezi.com\/wp-content\/uploads\/2019\/03\/Uzm.-Dr.-SAKIR-CETINDAG-213x420.png\" class=\"attachment-medilink-size4 size-medilink-size4 wp-post-image\" alt=\"\" \/>\t                            \r\n\t                        \t\t<\/div>\r\n\t                        \t                        <div class=\"item-content\">\r\n\t\t                        <div class=\"item-content-mid\">\r\n\t\t\t\t\t\t\t\t\t<h3 class=\"item-title\">\r\n\t\t\t\t\t\t\t\t\t<a href=\"https:\/\/www.mediesttipmerkezi.com\/en\/doktorlarimiz\/sakir-cetindag\/\">Specialist Dr. \u015eakir \u00c7ET\u0130NDA\u011e<\/a>\r\n\t\t\t\t\t\t\t\t\t<\/h3>                       \r\n\t\t\t\t\t\t\t\t\t\t\t\t\t\t\t\t\t\t<p>Internal Medicine - Internal Medicine<\/p>\r\n\t\t\t\t\t\t\t\t\t\t\t\t\t\t\t\t\t\t<div class=\"item-social\">\r\n\t\t\t\t\t\t\t\t\t\t<ul>\r\n\t\t\t\t\t\t\t\t\t\t\t\t\t\t\t\t\t\t\t\t\t\t\t\t\t\t\t\t\t\t<li><a target=\"_blank\" href=\"#\"><i class=\"fa fa-facebook\" aria-hidden=\"true\"><\/i><\/a><\/li>\r\n\t\t\t\t\t\t\t\t\t\t\t\t\t\t\t\t\t\t\t\t\t\t\t\t\t\t\t\t\t\t\t\t\t\t\t\t\t\t\t\t<li><a target=\"_blank\" href=\"#\"><i class=\"fa fa-twitter\" aria-hidden=\"true\"><\/i><\/a><\/li>\r\n\t\t\t\t\t\t\t\t\t\t\t\t\t\t\t\t\t\t\t\t\t\t\t\t\t\t\t\t\t\t\t\t\t\t\t\t\t\t\t\t\t\t\t\t\t\t\t\t\t\t\t\t\t\t\t\t\t\t\t\t\t\t\t\t\t\t\t\t\t\t\t\t\t\t\t\t\t\t\t\t<li><a target=\"_blank\" href=\"#\"><i class=\"fa fa-youtube-play\" aria-hidden=\"true\"><\/i><\/a><\/li>\r\n\t\t\t\t\t\t\t\t\t\t\t\t\t\t\t\t\t\t\t\t\t\t\t\t\t\t\t\t\t\t\t\t\t\t\t\t\t\t\t\t<li><a target=\"_blank\" href=\"#\"><i class=\"fa fa-pinterest-p\" aria-hidden=\"true\"><\/i><\/a><\/li>\r\n\t\t\t\t\t\t\t\t\t\t\t\t\t\t\t\t\t\t\t\t\t\t\t\t\t\t\t\t\t\t\t\t\t\t\t\t\t\t\t\t\t\t\t\t\t\t\t\t\t\t\t\t\t\t\t\t\t\t\t\t\t\t\t\t\t\t\t\t\t\t\t\t\t\t\t\t\t\t\t\t\t\t\t\t\t\t\t\t\t\t<\/ul>\r\n\t\t\t\t\t\t\t\t\t<\/div>\r\n\t\t\t\t\t\t\t    <\/div>\r\n\t\t\t\t\t\t    <\/div>\t\t\t\t\t  \t\t                      \r\n\t                    <\/div>\r\n\t                <\/div>\r\n                <\/div>\r\n\t\t\t\t\t\t\t\t\t\t<div class=\"rtin-item no-equal-item col-lg-3 col-md-6 col-sm-6 col-xs-12\">\r\n\t\t\t\t\t <div class=\"team-box-layout42\">\r\n\t\t\t\t\t\t <div class=\"item-mid\">\r\n\t                            \t\t\t\t\t\t\t\t\t    \r\n\t                        \t\t<div class=\"item-img\">                           \r\n\t\t\t\t\t\t\t\t\t   <img decoding=\"async\" width=\"213\" height=\"420\" src=\"https:\/\/www.mediesttipmerkezi.com\/wp-content\/uploads\/2024\/03\/M-02-213x420.png\" class=\"attachment-medilink-size4 size-medilink-size4 wp-post-image\" alt=\"\" \/>\t                            \r\n\t                        \t\t<\/div>\r\n\t                        \t                        <div class=\"item-content\">\r\n\t\t                        <div class=\"item-content-mid\">\r\n\t\t\t\t\t\t\t\t\t<h3 class=\"item-title\">\r\n\t\t\t\t\t\t\t\t\t<a href=\"https:\/\/www.mediesttipmerkezi.com\/en\/doktorlarimiz\/uzm-dr-zarife-koc\/\">Specialist Dr. Zarife KO\u00c7<\/a>\r\n\t\t\t\t\t\t\t\t\t<\/h3>                       \r\n\t\t\t\t\t\t\t\t\t\t\t\t\t\t\t\t\t\t<p>Physical therapy and rehabilitation<\/p>\r\n\t\t\t\t\t\t\t\t\t\t\t\t\t\t\t\t\t\t<div class=\"item-social\">\r\n\t\t\t\t\t\t\t\t\t\t<ul>\r\n\t\t\t\t\t\t\t\t\t\t\t\t\t\t\t\t\t\t\t\t\t\t\t\t\t\t\t\t\t\t\t\t\t\t\t\t\t\t\t\t\t\t\t\t\t\t\t\t\t\t\t\t\t\t\t\t\t\t\t\t\t\t\t\t\t\t\t\t\t\t\t\t\t\t\t\t\t\t\t\t\t\t\t\t\t\t\t\t\t\t\t\t\t\t\t\t\t\t\t\t\t\t\t\t\t\t\t\t\t\t\t\t\t\t\t\t\t\t\t\t\t\t\t\t\t\t\t\t\t\t<li><a target=\"_blank\" href=\"#\"><i class=\"fa fa-pinterest-p\" aria-hidden=\"true\"><\/i><\/a><\/li>\r\n\t\t\t\t\t\t\t\t\t\t\t\t\t\t\t\t\t\t\t\t\t\t\t\t\t\t\t\t\t\t\t\t\t\t\t\t\t\t\t\t<li><a target=\"_blank\" href=\"#\"><i class=\"fa fa-instagram\" aria-hidden=\"true\"><\/i><\/a><\/li>\r\n\t\t\t\t\t\t\t\t\t\t\t\t\t\t\t\t\t\t\t\t\t\t\t\t\t\t\t\t\t\t\t\t\t\t\t\t\t\t\t\t<li><a target=\"_blank\" href=\"#\"><i class=\"fa fa-github\" aria-hidden=\"true\"><\/i><\/a><\/li>\r\n\t\t\t\t\t\t\t\t\t\t\t\t\t\t\t\t\t\t\t\t\t\t\t\t\t\t\t\t\t\t\t\t\t\t\t\t\t\t\t\t<li><a target=\"_blank\" href=\"#\"><i class=\"fa fa-stack-overflow\" aria-hidden=\"true\"><\/i><\/a><\/li>\r\n\t\t\t\t\t\t\t\t\t\t\t\t\t\t\t\t\t\t\t\t\t\t\t\t\t\t\t\t\t\t<\/ul>\r\n\t\t\t\t\t\t\t\t\t<\/div>\r\n\t\t\t\t\t\t\t    <\/div>\r\n\t\t\t\t\t\t    <\/div>\t\t\t\t\t  \t\t                      \r\n\t                    <\/div>\r\n\t                <\/div>\r\n                <\/div>\r\n\t\t\t\t\t\t\t\t\t\t<div class=\"rtin-item no-equal-item col-lg-3 col-md-6 col-sm-6 col-xs-12\">\r\n\t\t\t\t\t <div class=\"team-box-layout42\">\r\n\t\t\t\t\t\t <div class=\"item-mid\">\r\n\t                            \t\t\t\t\t\t\t\t\t    \r\n\t                        \t\t<div class=\"item-img\">                           \r\n\t\t\t\t\t\t\t\t\t   <img loading=\"lazy\" decoding=\"async\" width=\"213\" height=\"420\" src=\"https:\/\/www.mediesttipmerkezi.com\/wp-content\/uploads\/2024\/01\/Uzm.-Dr.-M.-Emine-Yilmaz-213x420.png\" class=\"attachment-medilink-size4 size-medilink-size4 wp-post-image\" alt=\"\" \/>\t                            \r\n\t                        \t\t<\/div>\r\n\t                        \t                        <div class=\"item-content\">\r\n\t\t                        <div class=\"item-content-mid\">\r\n\t\t\t\t\t\t\t\t\t<h3 class=\"item-title\">\r\n\t\t\t\t\t\t\t\t\t<a href=\"https:\/\/www.mediesttipmerkezi.com\/en\/doktorlarimiz\/fizyoterapist-emine-yilmaz\/\">Fizyoterapist Emine YILMAZ<\/a>\r\n\t\t\t\t\t\t\t\t\t<\/h3>                       \r\n\t\t\t\t\t\t\t\t\t\t\t\t\t\t\t\t\t\t<p>Physiotherapist<\/p>\r\n\t\t\t\t\t\t\t\t\t\t\t\t\t\t\t\t\t\t<div class=\"item-social\">\r\n\t\t\t\t\t\t\t\t\t\t<ul>\r\n\t\t\t\t\t\t\t\t\t\t\t\t\t\t\t\t\t\t\t\t\t\t\t\t\t\t\t\t\t\t\t\t\t\t\t\t\t\t\t\t\t\t\t\t\t\t\t\t\t\t\t\t\t\t\t\t\t\t\t\t\t\t\t\t\t\t\t\t\t\t\t\t\t\t\t\t\t\t\t\t\t\t\t\t\t\t\t\t\t\t\t\t\t\t\t\t\t\t\t\t\t\t\t\t\t\t\t\t\t\t\t\t\t\t\t\t\t\t\t\t\t\t\t\t\t\t\t\t\t\t\t\t\t\t\t\t\t\t\t\t\t\t\t\t\t\t\t\t\t\t\t\t\t\t\t\t\t\t\t\t\t\t\t\t\t\t\t\t\t\t\t\t\t\t\t\t\t\t\t\t\t\t\t\t\t\t\t\t\t\t\t\t\t\t\t\t\t\t\t\t<\/ul>\r\n\t\t\t\t\t\t\t\t\t<\/div>\r\n\t\t\t\t\t\t\t    <\/div>\r\n\t\t\t\t\t\t    <\/div>\t\t\t\t\t  \t\t                      \r\n\t                    <\/div>\r\n\t                <\/div>\r\n                <\/div>\r\n\t\t\t\t\t\t<\/div>\t\t<\/div>\n\t\t\t\t<\/div>\n\t\t\t\t\t<\/div>\n\t\t<\/div>\n\t\t\t\t\t<\/div>\n\t\t<\/section>\n\t\t\t\t<section class=\"elementor-section elementor-top-section elementor-element elementor-element-36dd9d90 elementor-section-stretched elementor-section-boxed elementor-section-height-default elementor-section-height-default\" data-id=\"36dd9d90\" data-element_type=\"section\" data-settings=\"{&quot;stretch_section&quot;:&quot;section-stretched&quot;}\">\n\t\t\t\t\t\t<div class=\"elementor-container elementor-column-gap-no\">\n\t\t\t\t\t<div class=\"elementor-column elementor-col-100 elementor-top-column elementor-element elementor-element-a5a88f3 elementor-invisible\" data-id=\"a5a88f3\" data-element_type=\"column\" data-settings=\"{&quot;animation&quot;:&quot;fadeIn&quot;}\">\n\t\t\t<div class=\"elementor-widget-wrap elementor-element-populated\">\n\t\t\t\t\t\t<div class=\"elementor-element elementor-element-efb2f9a elementor-widget elementor-widget-rt-cta\" data-id=\"efb2f9a\" data-element_type=\"widget\" data-widget_type=\"rt-cta.default\">\n\t\t\t\t<div class=\"elementor-widget-container\">\n\t\t\t\r\n<div class=\"call-to-action-wrap-layout4\">\r\n    <div class=\"item-img\">\r\n       <img loading=\"lazy\" decoding=\"async\" width=\"262\" height=\"404\" src=\"https:\/\/www.mediesttipmerkezi.com\/wp-content\/uploads\/2018\/11\/figure7.png\" class=\"attachment-full size-full\" alt=\"\" \/>    <\/div>\r\n    <div class=\"container\">\r\n        <div class=\"row\">\r\n            <div class=\"col-xl-12 col-lg-8 col-md-12 col-12\">\r\n                <div class=\"call-to-action-box-layout4\">\r\n                    <h2 class=\"item-title\">Sa\u011fl\u0131\u011f\u0131n\u0131z\u0131 g\u00fcvenle emanet edebilece\u011finiz deneyimli ve uzman doktor kadromuzla hizmetinizdeyiz.<\/h2>\r\n                    <div class=\"call-to-action-phone\">\r\n                                                    <a href=\"tel:0(312) 284 44 84\"><i class=\"fas fa-phone\"><\/i>0(312) 284 44 84<\/a>\r\n                                            <\/div>\r\n\t\t\t\t\t\t\t\t\t\t\t<div class=\"call-to-action-btn\">\r\n\t\t\t\t\t\t\t<a class=\"item-btn\" href=\"https:\/\/www.mediesttipmerkezi.com\/en\/e-randevu\/\">H\u0131zl\u0131 Randevu<\/a>\t\t\t\t\t\t\t\t\t\r\n\t\t\t\t\t\t<\/div>\t\t\r\n\t\t\t\t\t\t                 \r\n                <\/div>\r\n            <\/div>\r\n        <\/div>\r\n    <\/div>\r\n<\/div>\t\t<\/div>\n\t\t\t\t<\/div>\n\t\t\t\t\t<\/div>\n\t\t<\/div>\n\t\t\t\t\t<\/div>\n\t\t<\/section>\n\t\t\t\t<\/div>","protected":false},"excerpt":{"rendered":"<p>Mediest T\u0131p Merkezi Doktor Kadromuz Dr. Mehmet U\u00c7AR Geleneksel ve Tamamlay\u0131c\u0131 T\u0131p Uygulamalar\u0131 Uzman\u0131 Dr. Mehmet U\u00c7AR Geleneksel ve Tamamlay\u0131c\u0131 T\u0131p Uygulay\u0131c\u0131s\u0131 ve E\u011fitmeni Uzm.Dr. Umur \u00d6ZD\u00d6L \u00c7ocuk Sa\u011fl\u0131\u011f\u0131 ve Hastal\u0131klar\u0131 Prof. Dr. Rahmi DUMAN G\u00f6z Hastal\u0131klar\u0131 ve Cerrahisi Uzm. Dr. \u015eakir \u00c7ET\u0130NDA\u011e \u0130\u00e7 Hastal\u0131klar\u0131 &#8211; Dahiliye Uzm. Dr. Zarife KO\u00c7 Fizik Tedavi Ve Rehabilitasyon&#8230;<\/p>","protected":false},"author":1,"featured_media":0,"parent":0,"menu_order":0,"comment_status":"closed","ping_status":"closed","template":"","meta":{"footnotes":""},"class_list":["post-627","page","type-page","status-publish","hentry"],"_links":{"self":[{"href":"https:\/\/www.mediesttipmerkezi.com\/en\/wp-json\/wp\/v2\/pages\/627","targetHints":{"allow":["GET"]}}],"collection":[{"href":"https:\/\/www.mediesttipmerkezi.com\/en\/wp-json\/wp\/v2\/pages"}],"about":[{"href":"https:\/\/www.mediesttipmerkezi.com\/en\/wp-json\/wp\/v2\/types\/page"}],"author":[{"embeddable":true,"href":"https:\/\/www.mediesttipmerkezi.com\/en\/wp-json\/wp\/v2\/users\/1"}],"replies":[{"embeddable":true,"href":"https:\/\/www.mediesttipmerkezi.com\/en\/wp-json\/wp\/v2\/comments?post=627"}],"version-history":[{"count":0,"href":"https:\/\/www.mediesttipmerkezi.com\/en\/wp-json\/wp\/v2\/pages\/627\/revisions"}],"wp:attachment":[{"href":"https:\/\/www.mediesttipmerkezi.com\/en\/wp-json\/wp\/v2\/media?parent=627"}],"curies":[{"name":"wp","href":"https:\/\/api.w.org\/{rel}","templated":true}]}}