{"id":613,"date":"2018-11-14T09:25:11","date_gmt":"2018-11-14T09:25:11","guid":{"rendered":"https:\/\/www.mediesttipmerkezi.com\/?page_id=613"},"modified":"2021-11-22T03:40:52","modified_gmt":"2021-11-22T03:40:52","slug":"doctors3","status":"publish","type":"page","link":"https:\/\/www.mediesttipmerkezi.com\/en\/elements\/doctors3\/","title":{"rendered":"Doctors3"},"content":{"rendered":"<div data-elementor-type=\"wp-post\" data-elementor-id=\"613\" class=\"elementor elementor-613\" data-elementor-post-type=\"page\">\n\t\t\t\t\t\t<section class=\"elementor-section elementor-top-section elementor-element elementor-element-699e2ff elementor-section-stretched elementor-section-boxed elementor-section-height-default elementor-section-height-default\" data-id=\"699e2ff\" data-element_type=\"section\" data-settings=\"{&quot;stretch_section&quot;:&quot;section-stretched&quot;,&quot;background_background&quot;:&quot;classic&quot;}\">\n\t\t\t\t\t\t<div class=\"elementor-container elementor-column-gap-default\">\n\t\t\t\t\t<div class=\"elementor-column elementor-col-100 elementor-top-column elementor-element elementor-element-e5d42e8\" data-id=\"e5d42e8\" data-element_type=\"column\">\n\t\t\t<div class=\"elementor-widget-wrap elementor-element-populated\">\n\t\t\t\t\t\t<div class=\"elementor-element elementor-element-47a6125 elementor-widget elementor-widget-rt-title\" data-id=\"47a6125\" data-element_type=\"widget\" data-widget_type=\"rt-title.default\">\n\t\t\t\t<div class=\"elementor-widget-container\">\n\t\t\t\r\n\t\t<div class=\"rt-el-title section-heading heading-dark text-center heading-layout1 style1 theme2\">\t\t\r\n\t\t\t\t\t\t\t<p class=\"rtin-subtitle\">Layout 3<\/p>\r\n\t\t\t\t\t\t<h2 class=\"rtin-title\">doctors<\/h2>\r\n\t\t<\/div>\r\n\t\t<\/div>\n\t\t\t\t<\/div>\n\t\t\t\t<div class=\"elementor-element elementor-element-4cb86fe elementor-widget elementor-widget-rt-doctor\" data-id=\"4cb86fe\" data-element_type=\"widget\" data-widget_type=\"rt-doctor.default\">\n\t\t\t\t<div class=\"elementor-widget-container\">\n\t\t\t\r\n<div class=\"rt-el-doctor-grid-2 row\">\r\n\t\t\t\t\t\t\r\n\t\t\t\t<div class=\"rtin-item col-lg-6 col-md-6 col-sm-12 col-xs-12\">\r\n\t\t\t\t\t<div class=\"team-box-layout5\">\r\n                        <div class=\"media media-none-lg media-none-md media-none--xs\">\r\n                        \t\t\t\t\t\t\t\t\t    \r\n                    \t\t<div class=\"item-img\">                           \r\n\t\t\t\t\t\t\t   <img fetchpriority=\"high\" decoding=\"async\" width=\"230\" height=\"230\" src=\"https:\/\/www.mediesttipmerkezi.com\/wp-content\/uploads\/2024\/03\/FX304973-1-230x230.png\" class=\"attachment-medilink-size5 size-medilink-size5 wp-post-image\" alt=\"Uzman: Dr. Gizem Gencan\" srcset=\"https:\/\/www.mediesttipmerkezi.com\/wp-content\/uploads\/2024\/03\/FX304973-1-230x230.png 230w, https:\/\/www.mediesttipmerkezi.com\/wp-content\/uploads\/2024\/03\/FX304973-1-150x150.png 150w, https:\/\/www.mediesttipmerkezi.com\/wp-content\/uploads\/2024\/03\/FX304973-1-70x70.png 70w, https:\/\/www.mediesttipmerkezi.com\/wp-content\/uploads\/2024\/03\/FX304973-1-315x315.png 315w\" sizes=\"(max-width: 230px) 100vw, 230px\" \/>\t                          \r\n                    \t\t<\/div>\r\n                                                        \r\n                            <div class=\"media-body\">\r\n                                <div class=\"item-content\">\r\n                                    <h4 class=\"item-title\">\r\n                                       <a href=\"https:\/\/www.mediesttipmerkezi.com\/en\/doktorlarimiz\/uzm-dr-gizem-gencan\/\">Uzm.Dr. Gizem Gencan<\/a>\r\n                                    <\/h4>\r\n                                                                       \t<p class=\"designation\">Child Health and Diseases<\/p>\r\n                                \t\t\t\t\t\t\t\t\t\t\t\t\t\t\t\t\t\t\t\t <div class=\"item-degree\"><\/div>\r\n\t\t\t\t\t\t\t\t\t                                   \r\n                                    <ul class=\"item-btns\">\r\n                                        <li>\r\n                                            <a href=\"https:\/\/www.mediesttipmerkezi.com\/en\/doktorlarimiz\/uzm-dr-gizem-gencan\/\" class=\"item-btn btn-ghost\">View Profile<\/a>\r\n                                        <\/li>\r\n                                        <li>\r\n\t\t\t\t\t\t\t\t\t\t\t\t\t\t\t\t\t\t\t\t\t\t\t\t\t\t\t\t\t\t\t\t\t<a href=\"\" class=\"item-btn btn-fill\">Book an Appointment<\/a>\r\n\t\t\t\t\t\t\t\t\t\t\t\t\t\t\t\t\t\t\t\t\t                                        <\/li>\r\n                                    <\/ul>\r\n                                <\/div>\r\n                            <\/div>\r\n                        <\/div>\r\n                    <\/div>\r\n                <\/div>\r\n\t\t\t\t\t\r\n\t\t\t\t<div class=\"rtin-item col-lg-6 col-md-6 col-sm-12 col-xs-12\">\r\n\t\t\t\t\t<div class=\"team-box-layout5\">\r\n                        <div class=\"media media-none-lg media-none-md media-none--xs\">\r\n                        \t\t\t\t\t\t\t\t\t    \r\n                    \t\t<div class=\"item-img\">                           \r\n\t\t\t\t\t\t\t   <img decoding=\"async\" width=\"230\" height=\"230\" src=\"https:\/\/www.mediesttipmerkezi.com\/wp-content\/uploads\/2019\/03\/Uzm.-Dr.-SAKIR-CETINDAG-230x230.png\" class=\"attachment-medilink-size5 size-medilink-size5 wp-post-image\" alt=\"\" srcset=\"https:\/\/www.mediesttipmerkezi.com\/wp-content\/uploads\/2019\/03\/Uzm.-Dr.-SAKIR-CETINDAG-230x230.png 230w, https:\/\/www.mediesttipmerkezi.com\/wp-content\/uploads\/2019\/03\/Uzm.-Dr.-SAKIR-CETINDAG-300x300.png 300w, https:\/\/www.mediesttipmerkezi.com\/wp-content\/uploads\/2019\/03\/Uzm.-Dr.-SAKIR-CETINDAG-1024x1024.png 1024w, https:\/\/www.mediesttipmerkezi.com\/wp-content\/uploads\/2019\/03\/Uzm.-Dr.-SAKIR-CETINDAG-150x150.png 150w, https:\/\/www.mediesttipmerkezi.com\/wp-content\/uploads\/2019\/03\/Uzm.-Dr.-SAKIR-CETINDAG-1536x1536.png 1536w, https:\/\/www.mediesttipmerkezi.com\/wp-content\/uploads\/2019\/03\/Uzm.-Dr.-SAKIR-CETINDAG-12x12.png 12w, https:\/\/www.mediesttipmerkezi.com\/wp-content\/uploads\/2019\/03\/Uzm.-Dr.-SAKIR-CETINDAG-70x70.png 70w, https:\/\/www.mediesttipmerkezi.com\/wp-content\/uploads\/2019\/03\/Uzm.-Dr.-SAKIR-CETINDAG-315x315.png 315w, https:\/\/www.mediesttipmerkezi.com\/wp-content\/uploads\/2019\/03\/Uzm.-Dr.-SAKIR-CETINDAG-600x600.png 600w, https:\/\/www.mediesttipmerkezi.com\/wp-content\/uploads\/2019\/03\/Uzm.-Dr.-SAKIR-CETINDAG-100x100.png 100w, https:\/\/www.mediesttipmerkezi.com\/wp-content\/uploads\/2019\/03\/Uzm.-Dr.-SAKIR-CETINDAG.png 2048w\" sizes=\"(max-width: 230px) 100vw, 230px\" \/>\t                          \r\n                    \t\t<\/div>\r\n                                                        \r\n                            <div class=\"media-body\">\r\n                                <div class=\"item-content\">\r\n                                    <h4 class=\"item-title\">\r\n                                       <a href=\"https:\/\/www.mediesttipmerkezi.com\/en\/doktorlarimiz\/sakir-cetindag\/\">Specialist Dr. \u015eakir \u00c7ET\u0130NDA\u011e<\/a>\r\n                                    <\/h4>\r\n                                                                       \t<p class=\"designation\">Internal Medicine - Internal Medicine<\/p>\r\n                                \t\t\t\t\t\t\t\t\t\t\t\t\t\t\t\t\t\t\t\t <div class=\"item-degree\"><\/div>\r\n\t\t\t\t\t\t\t\t\t                                   \r\n                                    <ul class=\"item-btns\">\r\n                                        <li>\r\n                                            <a href=\"https:\/\/www.mediesttipmerkezi.com\/en\/doktorlarimiz\/sakir-cetindag\/\" class=\"item-btn btn-ghost\">View Profile<\/a>\r\n                                        <\/li>\r\n                                        <li>\r\n\t\t\t\t\t\t\t\t\t\t\t\t\t\t\t\t\t\t\t\t\t\t\t\t\t\t\t\t\t\t\t\t\t<a href=\"\" class=\"item-btn btn-fill\">Book an Appointment<\/a>\r\n\t\t\t\t\t\t\t\t\t\t\t\t\t\t\t\t\t\t\t\t\t                                        <\/li>\r\n                                    <\/ul>\r\n                                <\/div>\r\n                            <\/div>\r\n                        <\/div>\r\n                    <\/div>\r\n                <\/div>\r\n\t\t\t\t\t\r\n\t\t\t\t<div class=\"rtin-item col-lg-6 col-md-6 col-sm-12 col-xs-12\">\r\n\t\t\t\t\t<div class=\"team-box-layout5\">\r\n                        <div class=\"media media-none-lg media-none-md media-none--xs\">\r\n                        \t\t\t\t\t\t\t\t\t    \r\n                    \t\t<div class=\"item-img\">                           \r\n\t\t\t\t\t\t\t   <img decoding=\"async\" width=\"230\" height=\"230\" src=\"https:\/\/www.mediesttipmerkezi.com\/wp-content\/uploads\/2024\/03\/M-02-230x230.png\" class=\"attachment-medilink-size5 size-medilink-size5 wp-post-image\" alt=\"\" srcset=\"https:\/\/www.mediesttipmerkezi.com\/wp-content\/uploads\/2024\/03\/M-02-230x230.png 230w, https:\/\/www.mediesttipmerkezi.com\/wp-content\/uploads\/2024\/03\/M-02-300x300.png 300w, https:\/\/www.mediesttipmerkezi.com\/wp-content\/uploads\/2024\/03\/M-02-1024x1024.png 1024w, https:\/\/www.mediesttipmerkezi.com\/wp-content\/uploads\/2024\/03\/M-02-150x150.png 150w, https:\/\/www.mediesttipmerkezi.com\/wp-content\/uploads\/2024\/03\/M-02-1536x1536.png 1536w, https:\/\/www.mediesttipmerkezi.com\/wp-content\/uploads\/2024\/03\/M-02-12x12.png 12w, https:\/\/www.mediesttipmerkezi.com\/wp-content\/uploads\/2024\/03\/M-02-70x70.png 70w, https:\/\/www.mediesttipmerkezi.com\/wp-content\/uploads\/2024\/03\/M-02-315x315.png 315w, https:\/\/www.mediesttipmerkezi.com\/wp-content\/uploads\/2024\/03\/M-02.png 2048w\" sizes=\"(max-width: 230px) 100vw, 230px\" \/>\t                          \r\n                    \t\t<\/div>\r\n                                                        \r\n                            <div class=\"media-body\">\r\n                                <div class=\"item-content\">\r\n                                    <h4 class=\"item-title\">\r\n                                       <a href=\"https:\/\/www.mediesttipmerkezi.com\/en\/doktorlarimiz\/uzm-dr-zarife-koc\/\">Specialist Dr. Zarife KO\u00c7<\/a>\r\n                                    <\/h4>\r\n                                                                       \t<p class=\"designation\">Physical therapy and rehabilitation<\/p>\r\n                                \t\t\t\t\t\t\t\t\t\t\t\t\t\t\t\t\t\t\t\t <div class=\"item-degree\"><\/div>\r\n\t\t\t\t\t\t\t\t\t                                   \r\n                                    <ul class=\"item-btns\">\r\n                                        <li>\r\n                                            <a href=\"https:\/\/www.mediesttipmerkezi.com\/en\/doktorlarimiz\/uzm-dr-zarife-koc\/\" class=\"item-btn btn-ghost\">View Profile<\/a>\r\n                                        <\/li>\r\n                                        <li>\r\n\t\t\t\t\t\t\t\t\t\t\t\t\t\t\t\t\t\t\t\t\t\t\t\t\t\t\t\t\t\t\t\t\t<a href=\"\" class=\"item-btn btn-fill\">Book an Appointment<\/a>\r\n\t\t\t\t\t\t\t\t\t\t\t\t\t\t\t\t\t\t\t\t\t                                        <\/li>\r\n                                    <\/ul>\r\n                                <\/div>\r\n                            <\/div>\r\n                        <\/div>\r\n                    <\/div>\r\n                <\/div>\r\n\t\t\t\t\t\r\n\t\t\t\t<div class=\"rtin-item col-lg-6 col-md-6 col-sm-12 col-xs-12\">\r\n\t\t\t\t\t<div class=\"team-box-layout5\">\r\n                        <div class=\"media media-none-lg media-none-md media-none--xs\">\r\n                        \t\t\t\t\t\t\t\t\t    \r\n                    \t\t<div class=\"item-img\">                           \r\n\t\t\t\t\t\t\t   <img loading=\"lazy\" decoding=\"async\" width=\"230\" height=\"230\" src=\"https:\/\/www.mediesttipmerkezi.com\/wp-content\/uploads\/2024\/01\/Uzm.-Dr.-M.-Emine-Yilmaz-230x230.png\" class=\"attachment-medilink-size5 size-medilink-size5 wp-post-image\" alt=\"\" srcset=\"https:\/\/www.mediesttipmerkezi.com\/wp-content\/uploads\/2024\/01\/Uzm.-Dr.-M.-Emine-Yilmaz-230x230.png 230w, https:\/\/www.mediesttipmerkezi.com\/wp-content\/uploads\/2024\/01\/Uzm.-Dr.-M.-Emine-Yilmaz-300x300.png 300w, https:\/\/www.mediesttipmerkezi.com\/wp-content\/uploads\/2024\/01\/Uzm.-Dr.-M.-Emine-Yilmaz-1024x1024.png 1024w, https:\/\/www.mediesttipmerkezi.com\/wp-content\/uploads\/2024\/01\/Uzm.-Dr.-M.-Emine-Yilmaz-150x150.png 150w, https:\/\/www.mediesttipmerkezi.com\/wp-content\/uploads\/2024\/01\/Uzm.-Dr.-M.-Emine-Yilmaz-1536x1536.png 1536w, https:\/\/www.mediesttipmerkezi.com\/wp-content\/uploads\/2024\/01\/Uzm.-Dr.-M.-Emine-Yilmaz-12x12.png 12w, https:\/\/www.mediesttipmerkezi.com\/wp-content\/uploads\/2024\/01\/Uzm.-Dr.-M.-Emine-Yilmaz-70x70.png 70w, https:\/\/www.mediesttipmerkezi.com\/wp-content\/uploads\/2024\/01\/Uzm.-Dr.-M.-Emine-Yilmaz-315x315.png 315w, https:\/\/www.mediesttipmerkezi.com\/wp-content\/uploads\/2024\/01\/Uzm.-Dr.-M.-Emine-Yilmaz-600x600.png 600w, https:\/\/www.mediesttipmerkezi.com\/wp-content\/uploads\/2024\/01\/Uzm.-Dr.-M.-Emine-Yilmaz-100x100.png 100w, https:\/\/www.mediesttipmerkezi.com\/wp-content\/uploads\/2024\/01\/Uzm.-Dr.-M.-Emine-Yilmaz.png 2048w\" sizes=\"(max-width: 230px) 100vw, 230px\" \/>\t                          \r\n                    \t\t<\/div>\r\n                                                        \r\n                            <div class=\"media-body\">\r\n                                <div class=\"item-content\">\r\n                                    <h4 class=\"item-title\">\r\n                                       <a href=\"https:\/\/www.mediesttipmerkezi.com\/en\/doktorlarimiz\/fizyoterapist-emine-yilmaz\/\">Fizyoterapist Emine YILMAZ<\/a>\r\n                                    <\/h4>\r\n                                                                       \t<p class=\"designation\">Physiotherapist<\/p>\r\n                                \t\t\t\t\t\t\t\t\t\t\t\t\t\t\t\t\t\t\t\t <div class=\"item-degree\"><\/div>\r\n\t\t\t\t\t\t\t\t\t                                   \r\n                                    <ul class=\"item-btns\">\r\n                                        <li>\r\n                                            <a href=\"https:\/\/www.mediesttipmerkezi.com\/en\/doktorlarimiz\/fizyoterapist-emine-yilmaz\/\" class=\"item-btn btn-ghost\">View Profile<\/a>\r\n                                        <\/li>\r\n                                        <li>\r\n\t\t\t\t\t\t\t\t\t\t\t\t\t\t\t\t\t\t\t\t\t\t\t\t\t\t\t\t\t\t\t\t\t<a href=\"\" class=\"item-btn btn-fill\">Book an Appointment<\/a>\r\n\t\t\t\t\t\t\t\t\t\t\t\t\t\t\t\t\t\t\t\t\t                                        <\/li>\r\n                                    <\/ul>\r\n                                <\/div>\r\n                            <\/div>\r\n                        <\/div>\r\n                    <\/div>\r\n                <\/div>\r\n\t\t\t\t<\/div>\t\t<\/div>\n\t\t\t\t<\/div>\n\t\t\t\t\t<\/div>\n\t\t<\/div>\n\t\t\t\t\t<\/div>\n\t\t<\/section>\n\t\t\t\t<\/div>","protected":false},"excerpt":{"rendered":"<p>Layout 3 doctors Dr. Jason Roy Gynecology MBBS, M.D of Medicine View Profile Book an Appointment Dr. Nadim Kamal Associate Eye MBBS, M.D of Medicine View Profile Book an Appointment Dr. Zinia Zara Neurology MBBS, M.D of Medicine View Profile Book an Appointment Dr.Zinia Zara Associate Eye MBBS, M.D of Medicine View Profile Book an&#8230;<\/p>","protected":false},"author":1,"featured_media":0,"parent":496,"menu_order":0,"comment_status":"closed","ping_status":"closed","template":"","meta":{"footnotes":""},"class_list":["post-613","page","type-page","status-publish","hentry"],"_links":{"self":[{"href":"https:\/\/www.mediesttipmerkezi.com\/en\/wp-json\/wp\/v2\/pages\/613","targetHints":{"allow":["GET"]}}],"collection":[{"href":"https:\/\/www.mediesttipmerkezi.com\/en\/wp-json\/wp\/v2\/pages"}],"about":[{"href":"https:\/\/www.mediesttipmerkezi.com\/en\/wp-json\/wp\/v2\/types\/page"}],"author":[{"embeddable":true,"href":"https:\/\/www.mediesttipmerkezi.com\/en\/wp-json\/wp\/v2\/users\/1"}],"replies":[{"embeddable":true,"href":"https:\/\/www.mediesttipmerkezi.com\/en\/wp-json\/wp\/v2\/comments?post=613"}],"version-history":[{"count":0,"href":"https:\/\/www.mediesttipmerkezi.com\/en\/wp-json\/wp\/v2\/pages\/613\/revisions"}],"up":[{"embeddable":true,"href":"https:\/\/www.mediesttipmerkezi.com\/en\/wp-json\/wp\/v2\/pages\/496"}],"wp:attachment":[{"href":"https:\/\/www.mediesttipmerkezi.com\/en\/wp-json\/wp\/v2\/media?parent=613"}],"curies":[{"name":"wp","href":"https:\/\/api.w.org\/{rel}","templated":true}]}}