{"id":608,"date":"2018-11-14T09:23:33","date_gmt":"2018-11-14T09:23:33","guid":{"rendered":"https:\/\/www.mediesttipmerkezi.com\/?page_id=608"},"modified":"2021-11-22T03:39:38","modified_gmt":"2021-11-22T03:39:38","slug":"doctors2","status":"publish","type":"page","link":"https:\/\/www.mediesttipmerkezi.com\/en\/elements\/doctors2\/","title":{"rendered":"Doctors2"},"content":{"rendered":"<div data-elementor-type=\"wp-post\" data-elementor-id=\"608\" class=\"elementor elementor-608\" data-elementor-post-type=\"page\">\n\t\t\t\t\t\t<section class=\"elementor-section elementor-top-section elementor-element elementor-element-f656069 elementor-section-stretched elementor-section-boxed elementor-section-height-default elementor-section-height-default\" data-id=\"f656069\" data-element_type=\"section\" data-settings=\"{&quot;stretch_section&quot;:&quot;section-stretched&quot;,&quot;background_background&quot;:&quot;classic&quot;}\">\n\t\t\t\t\t\t<div class=\"elementor-container elementor-column-gap-default\">\n\t\t\t\t\t<div class=\"elementor-column elementor-col-100 elementor-top-column elementor-element elementor-element-215bc83\" data-id=\"215bc83\" data-element_type=\"column\">\n\t\t\t<div class=\"elementor-widget-wrap elementor-element-populated\">\n\t\t\t\t\t\t<div class=\"elementor-element elementor-element-4d3776e elementor-widget elementor-widget-rt-title\" data-id=\"4d3776e\" data-element_type=\"widget\" data-widget_type=\"rt-title.default\">\n\t\t\t\t<div class=\"elementor-widget-container\">\n\t\t\t\r\n\t\t<div class=\"rt-el-title section-heading heading-dark text-center heading-layout1 style1 theme2\">\t\t\r\n\t\t\t\t\t\t\t<p class=\"rtin-subtitle\">Layout 2<\/p>\r\n\t\t\t\t\t\t<h2 class=\"rtin-title\">doctors<\/h2>\r\n\t\t<\/div>\r\n\t\t<\/div>\n\t\t\t\t<\/div>\n\t\t\t\t<div class=\"elementor-element elementor-element-d0c8d26 elementor-widget elementor-widget-rt-doctor\" data-id=\"d0c8d26\" data-element_type=\"widget\" data-widget_type=\"rt-doctor.default\">\n\t\t\t\t<div class=\"elementor-widget-container\">\n\t\t\t\r\n\r\n<div class=\"rt-el-doctor-grid-2 row no-equal-gallery\">\r\n\r\n\t\t\t\t\t\t\t\t\t\t<div class=\"rtin-item no-equal-item col-lg-4 col-md-2 col-sm-12 col-xs-12\">\r\n\t\t\t\t\t <div class=\"team-box-layout2\">\r\n                            \t\t\t\t\t\t\t\t\t    \r\n                        \t\t<div class=\"item-img\">                           \r\n\t\t\t\t\t\t\t\t   <img fetchpriority=\"high\" decoding=\"async\" width=\"230\" height=\"230\" src=\"https:\/\/www.mediesttipmerkezi.com\/wp-content\/uploads\/2024\/03\/FX304973-1-230x230.png\" class=\"attachment-medilink-size5 size-medilink-size5 wp-post-image\" alt=\"Uzman: Dr. Gizem Gencan\" srcset=\"https:\/\/www.mediesttipmerkezi.com\/wp-content\/uploads\/2024\/03\/FX304973-1-230x230.png 230w, https:\/\/www.mediesttipmerkezi.com\/wp-content\/uploads\/2024\/03\/FX304973-1-150x150.png 150w, https:\/\/www.mediesttipmerkezi.com\/wp-content\/uploads\/2024\/03\/FX304973-1-70x70.png 70w, https:\/\/www.mediesttipmerkezi.com\/wp-content\/uploads\/2024\/03\/FX304973-1-315x315.png 315w\" sizes=\"(max-width: 230px) 100vw, 230px\" \/>\t                            <ul class=\"item-icon\">\r\n\t                                <li>\r\n\t                                    <a href=\"https:\/\/www.mediesttipmerkezi.com\/en\/doktorlarimiz\/uzm-dr-gizem-gencan\/\">\r\n\t                                        <i class=\"fas fa-plus\"><\/i>\r\n\t                                    <\/a>\r\n\t                                <\/li>\r\n\t                            <\/ul>\r\n                        \t\t<\/div>\r\n                                                <div class=\"item-content\">\r\n                            <h3 class=\"item-title\">\r\n                              <a href=\"https:\/\/www.mediesttipmerkezi.com\/en\/doktorlarimiz\/uzm-dr-gizem-gencan\/\">Uzm.Dr. Gizem Gencan<\/a>\r\n                            <\/h3>                       \r\n \t\t\t\t\t\t\t                             \t<p>Child Health and Diseases<\/p>\r\n \t\t\t\t\t\t\t                        <\/div>\r\n                     \t<div class=\"item-content-txt text-center\"><p>Uzm.Dr. Ahsen AKAY \u00d6zel Mediest \u0130nternational Merkezi&#8217;nde \u00c7ocuk Sa\u011fl\u0131\u011f\u0131 ve&hellip;<\/p><\/div>\r\n\t\t\t\t\t        <div class=\"item-schedule\">\t\t\t\t\t          \r\n\t\t\t\t\t             \t\t\t\t\t            \t<div class=\"btn-holder\"><a href=\"\" class=\"item-btn\">Book an Appointment<\/a><\/div>\r\n\t\t\t\t\t\t\t\t\t\t \r\n\t\t\t\t\t        <\/div>\t\t\t\t  \t\t                      \r\n                    <\/div>  \r\n                <\/div>\r\n\t\t\t\t\t\t\t\t\t<div class=\"rtin-item no-equal-item col-lg-4 col-md-2 col-sm-12 col-xs-12\">\r\n\t\t\t\t\t <div class=\"team-box-layout2\">\r\n                            \t\t\t\t\t\t\t\t\t    \r\n                        \t\t<div class=\"item-img\">                           \r\n\t\t\t\t\t\t\t\t   <img decoding=\"async\" width=\"230\" height=\"230\" src=\"https:\/\/www.mediesttipmerkezi.com\/wp-content\/uploads\/2019\/03\/Uzm.-Dr.-SAKIR-CETINDAG-230x230.png\" class=\"attachment-medilink-size5 size-medilink-size5 wp-post-image\" alt=\"\" srcset=\"https:\/\/www.mediesttipmerkezi.com\/wp-content\/uploads\/2019\/03\/Uzm.-Dr.-SAKIR-CETINDAG-230x230.png 230w, https:\/\/www.mediesttipmerkezi.com\/wp-content\/uploads\/2019\/03\/Uzm.-Dr.-SAKIR-CETINDAG-300x300.png 300w, https:\/\/www.mediesttipmerkezi.com\/wp-content\/uploads\/2019\/03\/Uzm.-Dr.-SAKIR-CETINDAG-1024x1024.png 1024w, https:\/\/www.mediesttipmerkezi.com\/wp-content\/uploads\/2019\/03\/Uzm.-Dr.-SAKIR-CETINDAG-150x150.png 150w, https:\/\/www.mediesttipmerkezi.com\/wp-content\/uploads\/2019\/03\/Uzm.-Dr.-SAKIR-CETINDAG-1536x1536.png 1536w, https:\/\/www.mediesttipmerkezi.com\/wp-content\/uploads\/2019\/03\/Uzm.-Dr.-SAKIR-CETINDAG-12x12.png 12w, https:\/\/www.mediesttipmerkezi.com\/wp-content\/uploads\/2019\/03\/Uzm.-Dr.-SAKIR-CETINDAG-70x70.png 70w, https:\/\/www.mediesttipmerkezi.com\/wp-content\/uploads\/2019\/03\/Uzm.-Dr.-SAKIR-CETINDAG-315x315.png 315w, https:\/\/www.mediesttipmerkezi.com\/wp-content\/uploads\/2019\/03\/Uzm.-Dr.-SAKIR-CETINDAG-600x600.png 600w, https:\/\/www.mediesttipmerkezi.com\/wp-content\/uploads\/2019\/03\/Uzm.-Dr.-SAKIR-CETINDAG-100x100.png 100w, https:\/\/www.mediesttipmerkezi.com\/wp-content\/uploads\/2019\/03\/Uzm.-Dr.-SAKIR-CETINDAG.png 2048w\" sizes=\"(max-width: 230px) 100vw, 230px\" \/>\t                            <ul class=\"item-icon\">\r\n\t                                <li>\r\n\t                                    <a href=\"https:\/\/www.mediesttipmerkezi.com\/en\/doktorlarimiz\/sakir-cetindag\/\">\r\n\t                                        <i class=\"fas fa-plus\"><\/i>\r\n\t                                    <\/a>\r\n\t                                <\/li>\r\n\t                            <\/ul>\r\n                        \t\t<\/div>\r\n                                                <div class=\"item-content\">\r\n                            <h3 class=\"item-title\">\r\n                              <a href=\"https:\/\/www.mediesttipmerkezi.com\/en\/doktorlarimiz\/sakir-cetindag\/\">Specialist Dr. \u015eakir \u00c7ET\u0130NDA\u011e<\/a>\r\n                            <\/h3>                       \r\n \t\t\t\t\t\t\t                             \t<p>Internal Medicine - Internal Medicine<\/p>\r\n \t\t\t\t\t\t\t                        <\/div>\r\n                     \t<div class=\"item-content-txt text-center\"><p>Uzm. Dr. \u015eakir \u00c7ET\u0130NDA\u011e \u00d6zel Mediest \u0130nternational Merkezi&#8217;nde Dahiliye \u0130\u00e7&hellip;<\/p><\/div>\r\n\t\t\t\t\t        <div class=\"item-schedule\">\t\t\t\t\t          \r\n\t\t\t\t\t             \t\t\t\t\t            \t<div class=\"btn-holder\"><a href=\"\" class=\"item-btn\">Book an Appointment<\/a><\/div>\r\n\t\t\t\t\t\t\t\t\t\t \r\n\t\t\t\t\t        <\/div>\t\t\t\t  \t\t                      \r\n                    <\/div>  \r\n                <\/div>\r\n\t\t\t\t\t\t\t\t\t<div class=\"rtin-item no-equal-item col-lg-4 col-md-2 col-sm-12 col-xs-12\">\r\n\t\t\t\t\t <div class=\"team-box-layout2\">\r\n                            \t\t\t\t\t\t\t\t\t    \r\n                        \t\t<div class=\"item-img\">                           \r\n\t\t\t\t\t\t\t\t   <img decoding=\"async\" width=\"230\" height=\"230\" src=\"https:\/\/www.mediesttipmerkezi.com\/wp-content\/uploads\/2024\/03\/M-02-230x230.png\" class=\"attachment-medilink-size5 size-medilink-size5 wp-post-image\" alt=\"\" srcset=\"https:\/\/www.mediesttipmerkezi.com\/wp-content\/uploads\/2024\/03\/M-02-230x230.png 230w, https:\/\/www.mediesttipmerkezi.com\/wp-content\/uploads\/2024\/03\/M-02-300x300.png 300w, https:\/\/www.mediesttipmerkezi.com\/wp-content\/uploads\/2024\/03\/M-02-1024x1024.png 1024w, https:\/\/www.mediesttipmerkezi.com\/wp-content\/uploads\/2024\/03\/M-02-150x150.png 150w, https:\/\/www.mediesttipmerkezi.com\/wp-content\/uploads\/2024\/03\/M-02-1536x1536.png 1536w, https:\/\/www.mediesttipmerkezi.com\/wp-content\/uploads\/2024\/03\/M-02-12x12.png 12w, https:\/\/www.mediesttipmerkezi.com\/wp-content\/uploads\/2024\/03\/M-02-70x70.png 70w, https:\/\/www.mediesttipmerkezi.com\/wp-content\/uploads\/2024\/03\/M-02-315x315.png 315w, https:\/\/www.mediesttipmerkezi.com\/wp-content\/uploads\/2024\/03\/M-02.png 2048w\" sizes=\"(max-width: 230px) 100vw, 230px\" \/>\t                            <ul class=\"item-icon\">\r\n\t                                <li>\r\n\t                                    <a href=\"https:\/\/www.mediesttipmerkezi.com\/en\/doktorlarimiz\/uzm-dr-zarife-koc\/\">\r\n\t                                        <i class=\"fas fa-plus\"><\/i>\r\n\t                                    <\/a>\r\n\t                                <\/li>\r\n\t                            <\/ul>\r\n                        \t\t<\/div>\r\n                                                <div class=\"item-content\">\r\n                            <h3 class=\"item-title\">\r\n                              <a href=\"https:\/\/www.mediesttipmerkezi.com\/en\/doktorlarimiz\/uzm-dr-zarife-koc\/\">Specialist Dr. Zarife KO\u00c7<\/a>\r\n                            <\/h3>                       \r\n \t\t\t\t\t\t\t                             \t<p>Physical therapy and rehabilitation<\/p>\r\n \t\t\t\t\t\t\t                        <\/div>\r\n                     \t<div class=\"item-content-txt text-center\"><p>Uzm. Dr. Zarife KO\u00c7 \u00d6zel Mediest \u0130nternational Merkezi&#8217;nde Fizik Tedavi&hellip;<\/p><\/div>\r\n\t\t\t\t\t        <div class=\"item-schedule\">\t\t\t\t\t          \r\n\t\t\t\t\t             \t\t\t\t\t            \t<div class=\"btn-holder\"><a href=\"\" class=\"item-btn\">Book an Appointment<\/a><\/div>\r\n\t\t\t\t\t\t\t\t\t\t \r\n\t\t\t\t\t        <\/div>\t\t\t\t  \t\t                      \r\n                    <\/div>  \r\n                <\/div>\r\n\t\t\t\t\t\t\t\t\t<div class=\"rtin-item no-equal-item col-lg-4 col-md-2 col-sm-12 col-xs-12\">\r\n\t\t\t\t\t <div class=\"team-box-layout2\">\r\n                            \t\t\t\t\t\t\t\t\t    \r\n                        \t\t<div class=\"item-img\">                           \r\n\t\t\t\t\t\t\t\t   <img loading=\"lazy\" decoding=\"async\" width=\"230\" height=\"230\" src=\"https:\/\/www.mediesttipmerkezi.com\/wp-content\/uploads\/2024\/01\/Uzm.-Dr.-M.-Emine-Yilmaz-230x230.png\" class=\"attachment-medilink-size5 size-medilink-size5 wp-post-image\" alt=\"\" srcset=\"https:\/\/www.mediesttipmerkezi.com\/wp-content\/uploads\/2024\/01\/Uzm.-Dr.-M.-Emine-Yilmaz-230x230.png 230w, https:\/\/www.mediesttipmerkezi.com\/wp-content\/uploads\/2024\/01\/Uzm.-Dr.-M.-Emine-Yilmaz-300x300.png 300w, https:\/\/www.mediesttipmerkezi.com\/wp-content\/uploads\/2024\/01\/Uzm.-Dr.-M.-Emine-Yilmaz-1024x1024.png 1024w, https:\/\/www.mediesttipmerkezi.com\/wp-content\/uploads\/2024\/01\/Uzm.-Dr.-M.-Emine-Yilmaz-150x150.png 150w, https:\/\/www.mediesttipmerkezi.com\/wp-content\/uploads\/2024\/01\/Uzm.-Dr.-M.-Emine-Yilmaz-1536x1536.png 1536w, https:\/\/www.mediesttipmerkezi.com\/wp-content\/uploads\/2024\/01\/Uzm.-Dr.-M.-Emine-Yilmaz-12x12.png 12w, https:\/\/www.mediesttipmerkezi.com\/wp-content\/uploads\/2024\/01\/Uzm.-Dr.-M.-Emine-Yilmaz-70x70.png 70w, https:\/\/www.mediesttipmerkezi.com\/wp-content\/uploads\/2024\/01\/Uzm.-Dr.-M.-Emine-Yilmaz-315x315.png 315w, https:\/\/www.mediesttipmerkezi.com\/wp-content\/uploads\/2024\/01\/Uzm.-Dr.-M.-Emine-Yilmaz-600x600.png 600w, https:\/\/www.mediesttipmerkezi.com\/wp-content\/uploads\/2024\/01\/Uzm.-Dr.-M.-Emine-Yilmaz-100x100.png 100w, https:\/\/www.mediesttipmerkezi.com\/wp-content\/uploads\/2024\/01\/Uzm.-Dr.-M.-Emine-Yilmaz.png 2048w\" sizes=\"(max-width: 230px) 100vw, 230px\" \/>\t                            <ul class=\"item-icon\">\r\n\t                                <li>\r\n\t                                    <a href=\"https:\/\/www.mediesttipmerkezi.com\/en\/doktorlarimiz\/fizyoterapist-emine-yilmaz\/\">\r\n\t                                        <i class=\"fas fa-plus\"><\/i>\r\n\t                                    <\/a>\r\n\t                                <\/li>\r\n\t                            <\/ul>\r\n                        \t\t<\/div>\r\n                                                <div class=\"item-content\">\r\n                            <h3 class=\"item-title\">\r\n                              <a href=\"https:\/\/www.mediesttipmerkezi.com\/en\/doktorlarimiz\/fizyoterapist-emine-yilmaz\/\">Fizyoterapist Emine YILMAZ<\/a>\r\n                            <\/h3>                       \r\n \t\t\t\t\t\t\t                             \t<p>Physiotherapist<\/p>\r\n \t\t\t\t\t\t\t                        <\/div>\r\n                     \t<div class=\"item-content-txt text-center\"><p>Fizyoterapist Emine Y\u0131lmaz \u00d6zel Mediest \u0130nternational Merkezi&#8217;nde Fizik Tedavi Ve&hellip;<\/p><\/div>\r\n\t\t\t\t\t        <div class=\"item-schedule\">\t\t\t\t\t          \r\n\t\t\t\t\t             \t\t\t\t\t            \t<div class=\"btn-holder\"><a href=\"\" class=\"item-btn\">Book an Appointment<\/a><\/div>\r\n\t\t\t\t\t\t\t\t\t\t \r\n\t\t\t\t\t        <\/div>\t\t\t\t  \t\t                      \r\n                    <\/div>  \r\n                <\/div>\r\n\t\t\t\t<\/div>\t\t<\/div>\n\t\t\t\t<\/div>\n\t\t\t\t\t<\/div>\n\t\t<\/div>\n\t\t\t\t\t<\/div>\n\t\t<\/section>\n\t\t\t\t<\/div>","protected":false},"excerpt":{"rendered":"<p>Layout 2 doctors Dr. Jason Roy Gynecology Efficiently myocardinate market-driven innovation via open-source alignments. Dramatically engage high-Phosfluorescently&hellip; Book an Appointment Dr. Nadim Kamal Associate Eye Efficiently myocardinate market-driven innovation via open-source alignments. Dramatically engage high-Phosfluorescently&hellip; Book an Appointment Dr. Zinia Zara Neurology Efficiently myocardinate market-driven innovation via open-source alignments. Dramatically engage high-Phosfluorescently&hellip; Book an Appointment&#8230;<\/p>","protected":false},"author":1,"featured_media":0,"parent":496,"menu_order":0,"comment_status":"closed","ping_status":"closed","template":"","meta":{"footnotes":""},"class_list":["post-608","page","type-page","status-publish","hentry"],"_links":{"self":[{"href":"https:\/\/www.mediesttipmerkezi.com\/en\/wp-json\/wp\/v2\/pages\/608","targetHints":{"allow":["GET"]}}],"collection":[{"href":"https:\/\/www.mediesttipmerkezi.com\/en\/wp-json\/wp\/v2\/pages"}],"about":[{"href":"https:\/\/www.mediesttipmerkezi.com\/en\/wp-json\/wp\/v2\/types\/page"}],"author":[{"embeddable":true,"href":"https:\/\/www.mediesttipmerkezi.com\/en\/wp-json\/wp\/v2\/users\/1"}],"replies":[{"embeddable":true,"href":"https:\/\/www.mediesttipmerkezi.com\/en\/wp-json\/wp\/v2\/comments?post=608"}],"version-history":[{"count":0,"href":"https:\/\/www.mediesttipmerkezi.com\/en\/wp-json\/wp\/v2\/pages\/608\/revisions"}],"up":[{"embeddable":true,"href":"https:\/\/www.mediesttipmerkezi.com\/en\/wp-json\/wp\/v2\/pages\/496"}],"wp:attachment":[{"href":"https:\/\/www.mediesttipmerkezi.com\/en\/wp-json\/wp\/v2\/media?parent=608"}],"curies":[{"name":"wp","href":"https:\/\/api.w.org\/{rel}","templated":true}]}}