{"id":5476,"date":"2022-08-22T05:31:21","date_gmt":"2022-08-22T05:31:21","guid":{"rendered":"https:\/\/www.mediesttipmerkezi.com\/?page_id=5476"},"modified":"2022-08-22T10:46:56","modified_gmt":"2022-08-22T10:46:56","slug":"departments-5","status":"publish","type":"page","link":"https:\/\/www.mediesttipmerkezi.com\/ar\/departments-5\/","title":{"rendered":"Departments 5"},"content":{"rendered":"<div data-elementor-type=\"wp-page\" data-elementor-id=\"5476\" class=\"elementor elementor-5476\" data-elementor-post-type=\"page\">\n\t\t\t\t\t\t<section class=\"elementor-section elementor-top-section elementor-element elementor-element-da246d6 elementor-section-stretched elementor-section-boxed elementor-section-height-default elementor-section-height-default\" data-id=\"da246d6\" data-element_type=\"section\" data-settings=\"{&quot;stretch_section&quot;:&quot;section-stretched&quot;,&quot;background_background&quot;:&quot;classic&quot;}\">\n\t\t\t\t\t\t<div class=\"elementor-container elementor-column-gap-default\">\n\t\t\t\t\t<div class=\"elementor-column elementor-col-100 elementor-top-column elementor-element elementor-element-3376376\" data-id=\"3376376\" data-element_type=\"column\">\n\t\t\t<div class=\"elementor-widget-wrap elementor-element-populated\">\n\t\t\t\t\t\t<div class=\"elementor-element elementor-element-5b29da5 elementor-widget elementor-widget-rt-title\" data-id=\"5b29da5\" data-element_type=\"widget\" data-widget_type=\"rt-title.default\">\n\t\t\t\t<div class=\"elementor-widget-container\">\n\t\t\t\t<div class=\"rt-el-title section-heading heading-dark text-center heading-layout6 style6 theme1\">\r\n\t\t<h2 class=\"rtin-title\">Providing Medical Care For The<br \/> Sickest In Our Community<\/h2>\r\n\t\t\t\t\t\t<p class=\"rtin-subtitle\">Nulla Lorem mollit cupidatat irure aerey Laborum magna nulla duis ullamco dolo Voluptate exercitation<\/p>\r\n\t\t\t\t\t<\/div>\r\n\r\n\r\n\r\n\r\n\r\n\t\t<\/div>\n\t\t\t\t<\/div>\n\t\t\t\t<div class=\"elementor-element elementor-element-bc85fd7 elementor-widget elementor-widget-rt-departments\" data-id=\"bc85fd7\" data-element_type=\"widget\" data-widget_type=\"rt-departments.default\">\n\t\t\t\t<div class=\"elementor-widget-container\">\n\t\t\t\r\n<div class=\"service-wrap-layout4\">\r\n        <div class=\"row\">\r\n                            <div class=\"col-lg-4 col-md-6 col-sm-6 col-xs-12 wow fadeInUp\" data-wow-delay=\".2s\">\r\n            <div class=\"departments-box-layout9\">\r\n                <div class=\"item-img\">\r\n                    <a href=\"https:\/\/www.mediesttipmerkezi.com\/ar\/tibbi-birimlerimiz\/medikal-estetik\/\"><img fetchpriority=\"high\" decoding=\"async\" width=\"630\" height=\"408\" src=\"https:\/\/www.mediesttipmerkezi.com\/wp-content\/uploads\/2024\/09\/medikal-estetik-630x408.png\" class=\"attachment-medilink-size3 size-medilink-size3 wp-post-image\" alt=\"\" \/><\/a>\r\n                    <div class=\"item-icon\"><img decoding=\"async\" width=\"98\" height=\"98\" src=\"https:\/\/www.mediesttipmerkezi.com\/wp-content\/uploads\/2019\/01\/Fizik-Tedavi-Ve-Rehabilitasyon.png\" class=\"attachment-full size-full\" alt=\"\" srcset=\"https:\/\/www.mediesttipmerkezi.com\/wp-content\/uploads\/2019\/01\/Fizik-Tedavi-Ve-Rehabilitasyon.png 98w, https:\/\/www.mediesttipmerkezi.com\/wp-content\/uploads\/2019\/01\/Fizik-Tedavi-Ve-Rehabilitasyon-12x12.png 12w, https:\/\/www.mediesttipmerkezi.com\/wp-content\/uploads\/2019\/01\/Fizik-Tedavi-Ve-Rehabilitasyon-70x70.png 70w\" sizes=\"(max-width: 98px) 100vw, 98px\" \/><\/div>\r\n                <\/div>\r\n                <div class=\"item-content\">\r\n                    <h3 class=\"item-title\"><a href=\"https:\/\/www.mediesttipmerkezi.com\/ar\/tibbi-birimlerimiz\/medikal-estetik\/\">Medikal Estetik<\/a><\/h3>\r\n                    <p>Medikal Estetik Birimi \u2013 Mediest T\u0131p Merkezi G\u00fczellik ve Sa\u011fl\u0131k \u0130\u00e7in Yenilik\u00e7i&hellip;<\/p>\r\n                                        <div class=\"item-button\">\r\n                        <a href=\"https:\/\/www.mediesttipmerkezi.com\/ar\/tibbi-birimlerimiz\/medikal-estetik\/\" class=\"item-btn\">See Details<i class=\"fas fa-angle-right\"><\/i><\/a>\r\n                    <\/div>\r\n                                    <\/div>\r\n            <\/div>\r\n        <\/div>\r\n                            <div class=\"col-lg-4 col-md-6 col-sm-6 col-xs-12 wow fadeInUp\" data-wow-delay=\".2s\">\r\n            <div class=\"departments-box-layout9\">\r\n                <div class=\"item-img\">\r\n                    <a href=\"https:\/\/www.mediesttipmerkezi.com\/ar\/tibbi-birimlerimiz\/cocuk-sagligi-ve-hastaliklari\/\"><img decoding=\"async\" width=\"630\" height=\"408\" src=\"https:\/\/www.mediesttipmerkezi.com\/wp-content\/uploads\/2019\/01\/doctor-examining-child-office-3-630x408.jpg\" class=\"attachment-medilink-size3 size-medilink-size3 wp-post-image\" alt=\"\" srcset=\"https:\/\/www.mediesttipmerkezi.com\/wp-content\/uploads\/2019\/01\/doctor-examining-child-office-3-630x408.jpg 630w, https:\/\/www.mediesttipmerkezi.com\/wp-content\/uploads\/2019\/01\/doctor-examining-child-office-3-18x12.jpg 18w\" sizes=\"(max-width: 630px) 100vw, 630px\" \/><\/a>\r\n                    <div class=\"item-icon\"><img loading=\"lazy\" decoding=\"async\" width=\"98\" height=\"98\" src=\"https:\/\/www.mediesttipmerkezi.com\/wp-content\/uploads\/2019\/01\/pediatrician-1.png\" class=\"attachment-full size-full\" alt=\"\" srcset=\"https:\/\/www.mediesttipmerkezi.com\/wp-content\/uploads\/2019\/01\/pediatrician-1.png 98w, https:\/\/www.mediesttipmerkezi.com\/wp-content\/uploads\/2019\/01\/pediatrician-1-12x12.png 12w, https:\/\/www.mediesttipmerkezi.com\/wp-content\/uploads\/2019\/01\/pediatrician-1-70x70.png 70w\" sizes=\"(max-width: 98px) 100vw, 98px\" \/><\/div>\r\n                <\/div>\r\n                <div class=\"item-content\">\r\n                    <h3 class=\"item-title\"><a href=\"https:\/\/www.mediesttipmerkezi.com\/ar\/tibbi-birimlerimiz\/cocuk-sagligi-ve-hastaliklari\/\">\u0635\u062d\u0629 \u0627\u0644\u0637\u0641\u0644 \u0648\u0627\u0644\u0623\u0645\u0631\u0627\u0636<\/a><\/h3>\r\n                    <p>\u00c7ocuk sa\u011fl\u0131\u011f\u0131 ve hastal\u0131klar\u0131, pediatri ad\u0131 verilen t\u0131p dal\u0131 taraf\u0131ndan ele al\u0131nan&hellip;<\/p>\r\n                                        <div class=\"item-button\">\r\n                        <a href=\"https:\/\/www.mediesttipmerkezi.com\/ar\/tibbi-birimlerimiz\/cocuk-sagligi-ve-hastaliklari\/\" class=\"item-btn\">See Details<i class=\"fas fa-angle-right\"><\/i><\/a>\r\n                    <\/div>\r\n                                    <\/div>\r\n            <\/div>\r\n        <\/div>\r\n                            <div class=\"col-lg-4 col-md-6 col-sm-6 col-xs-12 wow fadeInUp\" data-wow-delay=\".2s\">\r\n            <div class=\"departments-box-layout9\">\r\n                <div class=\"item-img\">\r\n                    <a href=\"https:\/\/www.mediesttipmerkezi.com\/ar\/tibbi-birimlerimiz\/ic-hastaliklari\/\"><img loading=\"lazy\" decoding=\"async\" width=\"630\" height=\"408\" src=\"https:\/\/www.mediesttipmerkezi.com\/wp-content\/uploads\/2019\/01\/collage-medical-issue-with-blood-stool-630x408.jpg\" class=\"attachment-medilink-size3 size-medilink-size3 wp-post-image\" alt=\"\" srcset=\"https:\/\/www.mediesttipmerkezi.com\/wp-content\/uploads\/2019\/01\/collage-medical-issue-with-blood-stool-630x408.jpg 630w, https:\/\/www.mediesttipmerkezi.com\/wp-content\/uploads\/2019\/01\/collage-medical-issue-with-blood-stool-18x12.jpg 18w\" sizes=\"(max-width: 630px) 100vw, 630px\" \/><\/a>\r\n                    <div class=\"item-icon\"><img loading=\"lazy\" decoding=\"async\" width=\"98\" height=\"98\" src=\"https:\/\/www.mediesttipmerkezi.com\/wp-content\/uploads\/2019\/01\/INTERNAL-DISEASBBES.png\" class=\"attachment-full size-full\" alt=\"\" srcset=\"https:\/\/www.mediesttipmerkezi.com\/wp-content\/uploads\/2019\/01\/INTERNAL-DISEASBBES.png 98w, https:\/\/www.mediesttipmerkezi.com\/wp-content\/uploads\/2019\/01\/INTERNAL-DISEASBBES-12x12.png 12w, https:\/\/www.mediesttipmerkezi.com\/wp-content\/uploads\/2019\/01\/INTERNAL-DISEASBBES-70x70.png 70w\" sizes=\"(max-width: 98px) 100vw, 98px\" \/><\/div>\r\n                <\/div>\r\n                <div class=\"item-content\">\r\n                    <h3 class=\"item-title\"><a href=\"https:\/\/www.mediesttipmerkezi.com\/ar\/tibbi-birimlerimiz\/ic-hastaliklari\/\">\u0627\u0644\u0623\u0645\u0631\u0627\u0636 \u0627\u0644\u062f\u0627\u062e\u0644\u064a\u0629<\/a><\/h3>\r\n                    <p>\u0130\u00e7 hastal\u0131klar\u0131, t\u0131p alan\u0131nda genelde &#8220;internal medicine&#8221; olarak bilinen bir uzmanl\u0131k dal\u0131n\u0131&hellip;<\/p>\r\n                                        <div class=\"item-button\">\r\n                        <a href=\"https:\/\/www.mediesttipmerkezi.com\/ar\/tibbi-birimlerimiz\/ic-hastaliklari\/\" class=\"item-btn\">See Details<i class=\"fas fa-angle-right\"><\/i><\/a>\r\n                    <\/div>\r\n                                    <\/div>\r\n            <\/div>\r\n        <\/div>\r\n                            <div class=\"col-lg-4 col-md-6 col-sm-6 col-xs-12 wow fadeInUp\" data-wow-delay=\".2s\">\r\n            <div class=\"departments-box-layout9\">\r\n                <div class=\"item-img\">\r\n                    <a href=\"https:\/\/www.mediesttipmerkezi.com\/ar\/tibbi-birimlerimiz\/fizik-tedavi-ve-rehabilitasyon\/\"><img loading=\"lazy\" decoding=\"async\" width=\"630\" height=\"408\" src=\"https:\/\/www.mediesttipmerkezi.com\/wp-content\/uploads\/2019\/01\/physiotherapist-helping-female-patient-her-clinic-630x408.jpg\" class=\"attachment-medilink-size3 size-medilink-size3 wp-post-image\" alt=\"\" srcset=\"https:\/\/www.mediesttipmerkezi.com\/wp-content\/uploads\/2019\/01\/physiotherapist-helping-female-patient-her-clinic-630x408.jpg 630w, https:\/\/www.mediesttipmerkezi.com\/wp-content\/uploads\/2019\/01\/physiotherapist-helping-female-patient-her-clinic-18x12.jpg 18w\" sizes=\"(max-width: 630px) 100vw, 630px\" \/><\/a>\r\n                    <div class=\"item-icon\"><img decoding=\"async\" width=\"98\" height=\"98\" src=\"https:\/\/www.mediesttipmerkezi.com\/wp-content\/uploads\/2019\/01\/Fizik-Tedavi-Ve-Rehabilitasyon.png\" class=\"attachment-full size-full\" alt=\"\" srcset=\"https:\/\/www.mediesttipmerkezi.com\/wp-content\/uploads\/2019\/01\/Fizik-Tedavi-Ve-Rehabilitasyon.png 98w, https:\/\/www.mediesttipmerkezi.com\/wp-content\/uploads\/2019\/01\/Fizik-Tedavi-Ve-Rehabilitasyon-12x12.png 12w, https:\/\/www.mediesttipmerkezi.com\/wp-content\/uploads\/2019\/01\/Fizik-Tedavi-Ve-Rehabilitasyon-70x70.png 70w\" sizes=\"(max-width: 98px) 100vw, 98px\" \/><\/div>\r\n                <\/div>\r\n                <div class=\"item-content\">\r\n                    <h3 class=\"item-title\"><a href=\"https:\/\/www.mediesttipmerkezi.com\/ar\/tibbi-birimlerimiz\/fizik-tedavi-ve-rehabilitasyon\/\">\u0627\u0644\u0639\u0644\u0627\u062c \u0627\u0644\u0637\u0628\u064a\u0639\u064a \u0648\u0625\u0639\u0627\u062f\u0629 \u0627\u0644\u062a\u0623\u0647\u064a\u0644<\/a><\/h3>\r\n                    <p>Fizik tedavi ve rehabilitasyon, kaza, travma, do\u011fu\u015ftan gelen rahats\u0131zl\u0131klar veya di\u011fer nedenlerle&hellip;<\/p>\r\n                                        <div class=\"item-button\">\r\n                        <a href=\"https:\/\/www.mediesttipmerkezi.com\/ar\/tibbi-birimlerimiz\/fizik-tedavi-ve-rehabilitasyon\/\" class=\"item-btn\">See Details<i class=\"fas fa-angle-right\"><\/i><\/a>\r\n                    <\/div>\r\n                                    <\/div>\r\n            <\/div>\r\n        <\/div>\r\n                            <div class=\"col-lg-4 col-md-6 col-sm-6 col-xs-12 wow fadeInUp\" data-wow-delay=\".2s\">\r\n            <div class=\"departments-box-layout9\">\r\n                <div class=\"item-img\">\r\n                    <a href=\"https:\/\/www.mediesttipmerkezi.com\/ar\/tibbi-birimlerimiz\/sac-ekimi\/\"><img loading=\"lazy\" decoding=\"async\" width=\"630\" height=\"408\" src=\"https:\/\/www.mediesttipmerkezi.com\/wp-content\/uploads\/2019\/01\/man-going-through-follicular-unit-extraction-process-630x408.jpg\" class=\"attachment-medilink-size3 size-medilink-size3 wp-post-image\" alt=\"\" srcset=\"https:\/\/www.mediesttipmerkezi.com\/wp-content\/uploads\/2019\/01\/man-going-through-follicular-unit-extraction-process-630x408.jpg 630w, https:\/\/www.mediesttipmerkezi.com\/wp-content\/uploads\/2019\/01\/man-going-through-follicular-unit-extraction-process-18x12.jpg 18w\" sizes=\"(max-width: 630px) 100vw, 630px\" \/><\/a>\r\n                    <div class=\"item-icon\"><img loading=\"lazy\" decoding=\"async\" width=\"98\" height=\"98\" src=\"https:\/\/www.mediesttipmerkezi.com\/wp-content\/uploads\/2019\/01\/hair-transplant.png\" class=\"attachment-full size-full\" alt=\"\" srcset=\"https:\/\/www.mediesttipmerkezi.com\/wp-content\/uploads\/2019\/01\/hair-transplant.png 98w, https:\/\/www.mediesttipmerkezi.com\/wp-content\/uploads\/2019\/01\/hair-transplant-12x12.png 12w, https:\/\/www.mediesttipmerkezi.com\/wp-content\/uploads\/2019\/01\/hair-transplant-70x70.png 70w\" sizes=\"(max-width: 98px) 100vw, 98px\" \/><\/div>\r\n                <\/div>\r\n                <div class=\"item-content\">\r\n                    <h3 class=\"item-title\"><a href=\"https:\/\/www.mediesttipmerkezi.com\/ar\/tibbi-birimlerimiz\/sac-ekimi\/\">\u0632\u0631\u0627\u0639\u0629 \u0627\u0644\u0634\u0639\u0631<\/a><\/h3>\r\n                    <p>Sa\u00e7 Ekimi: S\u00fcre\u00e7, Y\u00f6ntemler ve Bilinmesi Gerekenler Sa\u00e7 d\u00f6k\u00fclmesi, hem erkekler hem&hellip;<\/p>\r\n                                        <div class=\"item-button\">\r\n                        <a href=\"https:\/\/www.mediesttipmerkezi.com\/ar\/tibbi-birimlerimiz\/sac-ekimi\/\" class=\"item-btn\">See Details<i class=\"fas fa-angle-right\"><\/i><\/a>\r\n                    <\/div>\r\n                                    <\/div>\r\n            <\/div>\r\n        <\/div>\r\n                            <div class=\"col-lg-4 col-md-6 col-sm-6 col-xs-12 wow fadeInUp\" data-wow-delay=\".2s\">\r\n            <div class=\"departments-box-layout9\">\r\n                <div class=\"item-img\">\r\n                    <a href=\"https:\/\/www.mediesttipmerkezi.com\/ar\/tibbi-birimlerimiz\/getat-uygulamalari\/\"><img loading=\"lazy\" decoding=\"async\" width=\"630\" height=\"408\" src=\"https:\/\/www.mediesttipmerkezi.com\/wp-content\/uploads\/2018\/11\/natural-treatment-pharmacy-pills-with-stethoscope-630x408.jpg\" class=\"attachment-medilink-size3 size-medilink-size3 wp-post-image\" alt=\"\" srcset=\"https:\/\/www.mediesttipmerkezi.com\/wp-content\/uploads\/2018\/11\/natural-treatment-pharmacy-pills-with-stethoscope-630x408.jpg 630w, https:\/\/www.mediesttipmerkezi.com\/wp-content\/uploads\/2018\/11\/natural-treatment-pharmacy-pills-with-stethoscope-18x12.jpg 18w\" sizes=\"(max-width: 630px) 100vw, 630px\" \/><\/a>\r\n                    <div class=\"item-icon\"><img loading=\"lazy\" decoding=\"async\" width=\"98\" height=\"98\" src=\"https:\/\/www.mediesttipmerkezi.com\/wp-content\/uploads\/2018\/11\/GETAT-Uygulamalari-1.png\" class=\"attachment-full size-full\" alt=\"\" srcset=\"https:\/\/www.mediesttipmerkezi.com\/wp-content\/uploads\/2018\/11\/GETAT-Uygulamalari-1.png 98w, https:\/\/www.mediesttipmerkezi.com\/wp-content\/uploads\/2018\/11\/GETAT-Uygulamalari-1-12x12.png 12w, https:\/\/www.mediesttipmerkezi.com\/wp-content\/uploads\/2018\/11\/GETAT-Uygulamalari-1-70x70.png 70w\" sizes=\"(max-width: 98px) 100vw, 98px\" \/><\/div>\r\n                <\/div>\r\n                <div class=\"item-content\">\r\n                    <h3 class=\"item-title\"><a href=\"https:\/\/www.mediesttipmerkezi.com\/ar\/tibbi-birimlerimiz\/getat-uygulamalari\/\">\u062a\u0637\u0628\u064a\u0642\u0627\u062a \u062c\u064a\u062a\u0627\u062a<\/a><\/h3>\r\n                    <p>Geleneksel ve tamamlay\u0131c\u0131 tedavi uygulamalar\u0131, farkl\u0131 k\u00fclt\u00fcrlerden gelen geleneksel bilgi ve y\u00f6ntemleri,&hellip;<\/p>\r\n                                        <div class=\"item-button\">\r\n                        <a href=\"https:\/\/www.mediesttipmerkezi.com\/ar\/tibbi-birimlerimiz\/getat-uygulamalari\/\" class=\"item-btn\">See Details<i class=\"fas fa-angle-right\"><\/i><\/a>\r\n                    <\/div>\r\n                                    <\/div>\r\n            <\/div>\r\n        <\/div>\r\n            <\/div>\r\n        <\/div>\t\t<\/div>\n\t\t\t\t<\/div>\n\t\t\t\t\t<\/div>\n\t\t<\/div>\n\t\t\t\t\t<\/div>\n\t\t<\/section>\n\t\t\t\t<\/div>","protected":false},"excerpt":{"rendered":"<p>Providing Medical Care For The Sickest In Our Community Nulla Lorem mollit cupidatat irure aerey Laborum magna nulla duis ullamco dolo Voluptate exercitation Eye Care Here are many variations of passages of Lorem Ipsum available, but the&hellip; See Details Dental Care Aorem Ipsumea dummy texte printing setting detry bringin eight challenges faced. Nisi&hellip; See Details&#8230;<\/p>","protected":false},"author":1,"featured_media":0,"parent":0,"menu_order":0,"comment_status":"closed","ping_status":"closed","template":"","meta":{"footnotes":""},"class_list":["post-5476","page","type-page","status-publish","hentry"],"_links":{"self":[{"href":"https:\/\/www.mediesttipmerkezi.com\/ar\/wp-json\/wp\/v2\/pages\/5476","targetHints":{"allow":["GET"]}}],"collection":[{"href":"https:\/\/www.mediesttipmerkezi.com\/ar\/wp-json\/wp\/v2\/pages"}],"about":[{"href":"https:\/\/www.mediesttipmerkezi.com\/ar\/wp-json\/wp\/v2\/types\/page"}],"author":[{"embeddable":true,"href":"https:\/\/www.mediesttipmerkezi.com\/ar\/wp-json\/wp\/v2\/users\/1"}],"replies":[{"embeddable":true,"href":"https:\/\/www.mediesttipmerkezi.com\/ar\/wp-json\/wp\/v2\/comments?post=5476"}],"version-history":[{"count":0,"href":"https:\/\/www.mediesttipmerkezi.com\/ar\/wp-json\/wp\/v2\/pages\/5476\/revisions"}],"wp:attachment":[{"href":"https:\/\/www.mediesttipmerkezi.com\/ar\/wp-json\/wp\/v2\/media?parent=5476"}],"curies":[{"name":"wp","href":"https:\/\/api.w.org\/{rel}","templated":true}]}}