{"id":1087,"date":"2019-01-07T05:02:42","date_gmt":"2019-01-07T05:02:42","guid":{"rendered":"https:\/\/www.mediesttipmerkezi.com\/?page_id=1087"},"modified":"2021-11-25T09:58:05","modified_gmt":"2021-11-25T09:58:05","slug":"doctors-filter","status":"publish","type":"page","link":"https:\/\/www.mediesttipmerkezi.com\/ar\/doctors-filter\/","title":{"rendered":"Doctors Filter"},"content":{"rendered":"<div data-elementor-type=\"wp-post\" data-elementor-id=\"1087\" class=\"elementor elementor-1087\" data-elementor-post-type=\"page\">\n\t\t\t\t\t\t<section class=\"elementor-section elementor-top-section elementor-element elementor-element-a970a77 elementor-section-stretched elementor-section-boxed elementor-section-height-default elementor-section-height-default\" data-id=\"a970a77\" data-element_type=\"section\" data-settings=\"{&quot;stretch_section&quot;:&quot;section-stretched&quot;,&quot;background_background&quot;:&quot;classic&quot;}\">\n\t\t\t\t\t\t<div class=\"elementor-container elementor-column-gap-default\">\n\t\t\t\t\t<div class=\"elementor-column elementor-col-100 elementor-top-column elementor-element elementor-element-c2371f3\" data-id=\"c2371f3\" data-element_type=\"column\">\n\t\t\t<div class=\"elementor-widget-wrap elementor-element-populated\">\n\t\t\t\t\t\t<div class=\"elementor-element elementor-element-ca6a234 elementor-widget elementor-widget-rt-title\" data-id=\"ca6a234\" data-element_type=\"widget\" data-widget_type=\"rt-title.default\">\n\t\t\t\t<div class=\"elementor-widget-container\">\n\t\t\t\r\n\t\t<div class=\"rt-el-title section-heading heading-dark text-center heading-layout1 style1 theme2\">\t\t\r\n\t\t\t\t\t\t\t<p class=\"rtin-subtitle\">Our doctors <\/p>\r\n\t\t\t\t\t\t<h2 class=\"rtin-title\"> Find A Doctor<\/h2>\r\n\t\t<\/div>\r\n\t\t<\/div>\n\t\t\t\t<\/div>\n\t\t\t\t<div class=\"elementor-element elementor-element-a8e1d00 elementor-widget elementor-widget-rt-doctor\" data-id=\"a8e1d00\" data-element_type=\"widget\" data-widget_type=\"rt-doctor.default\">\n\t\t\t\t<div class=\"elementor-widget-container\">\n\t\t\t\r\n\r\n\r\n<div class=\"rt-el-gallrey-1 rt-isotope-wrapper\">\r\n\t<div class=\"rt-isotope-tab isotope-classes-tab isotop-btn\">\r\n\t\t<a href=\"#\" data-filter=\"*\" class=\"current\">All<\/a>\r\n\t\t\t\t\t<a href=\"#\" data-filter=\".goz-hastaliklari-ve-cerrahisi\">\u0623\u0645\u0631\u0627\u0636 \u0648\u062c\u0631\u0627\u062d\u0629 \u0627\u0644\u0639\u064a\u0648\u0646<\/a>\r\n\t\t\t\t\t<a href=\"#\" data-filter=\".cocuk-sagligi-ve-hastaliklari\">\u0635\u062d\u0629 \u0627\u0644\u0637\u0641\u0644 \u0648\u0627\u0644\u0623\u0645\u0631\u0627\u0636<\/a>\r\n\t\t\t\t\t<a href=\"#\" data-filter=\".ic-hastaliklari\">\u0627\u0644\u0623\u0645\u0631\u0627\u0636 \u0627\u0644\u062f\u0627\u062e\u0644\u064a\u0629<\/a>\r\n\t\t\t\t\t<a href=\"#\" data-filter=\".fizik-tedavi-ve-rehabilitasyon\">\u0627\u0644\u0639\u0644\u0627\u062c \u0627\u0644\u0637\u0628\u064a\u0639\u064a \u0648\u0625\u0639\u0627\u062f\u0629 \u0627\u0644\u062a\u0623\u0647\u064a\u0644<\/a>\r\n\t\t\t\t\t<a href=\"#\" data-filter=\".diyetisyen\">\u0627\u062e\u0635\u0627\u0626\u064a \u062a\u063a\u0630\u064a\u0647<\/a>\r\n\t\t\t\t\t<a href=\"#\" data-filter=\".fonksiyonel-tip-diyetisyenligi\">\u0623\u062e\u0635\u0627\u0626\u064a\u0629 \u062a\u063a\u0630\u064a\u0629 \u0627\u0644\u0637\u0628 \u0627\u0644\u0648\u0638\u064a\u0641\u064a<\/a>\r\n\t\t\t<\/div>\r\n<div class=\"row rt-isotope-content\">\r\n\r\n\r\n\t<div class=\"col-lg-3 col-md-6 col-sm-4 col-xs-6 cocuk-sagligi-ve-hastaliklari\">\r\n\t\t<div class=\"team-box-layout2\">\r\n                            \t\t<div class=\"item-img\">\r\n            \t\t<img fetchpriority=\"high\" decoding=\"async\" width=\"230\" height=\"230\" src=\"https:\/\/www.mediesttipmerkezi.com\/wp-content\/uploads\/2024\/03\/FX304973-1-230x230.png\" class=\"attachment-medilink-size5 size-medilink-size5 wp-post-image\" alt=\"Uzman: Dr. Gizem Gencan\" srcset=\"https:\/\/www.mediesttipmerkezi.com\/wp-content\/uploads\/2024\/03\/FX304973-1-230x230.png 230w, https:\/\/www.mediesttipmerkezi.com\/wp-content\/uploads\/2024\/03\/FX304973-1-150x150.png 150w, https:\/\/www.mediesttipmerkezi.com\/wp-content\/uploads\/2024\/03\/FX304973-1-70x70.png 70w, https:\/\/www.mediesttipmerkezi.com\/wp-content\/uploads\/2024\/03\/FX304973-1-315x315.png 315w\" sizes=\"(max-width: 230px) 100vw, 230px\" \/>                    <ul class=\"item-icon\">\r\n                        <li>\r\n                            <a href=\"https:\/\/www.mediesttipmerkezi.com\/ar\/doktorlarimiz\/uzm-dr-gizem-gencan\/\">\r\n                                <i class=\"fas fa-plus\"><\/i>\r\n                            <\/a>\r\n                        <\/li>\r\n                    <\/ul>\r\n            \t\t<\/div>\r\n                                <div class=\"item-content\">\r\n                    <h3 class=\"item-title\">\r\n                      <a href=\"https:\/\/www.mediesttipmerkezi.com\/ar\/doktorlarimiz\/uzm-dr-gizem-gencan\/\">Uzm.Dr. Gizem Gencan<\/a>\r\n                    <\/h3>\r\n                                        \t<p>\u0635\u062d\u0629 \u0627\u0644\u0637\u0641\u0644 \u0648\u0627\u0644\u0623\u0645\u0631\u0627\u0636<\/p>\r\n\t\t\t\t\t\t                <\/div>\r\n\t\t\t\t<div class=\"item-schedule text-center\">\r\n\t\t\t\t\t\t\t\t\t\t\t\t\t\t\t\t\t\t<p>Uzm.Dr. Ahsen AKAY \u00d6zel Mediest \u0130nternational Merkezi&#8217;nde \u00c7ocuk Sa\u011fl\u0131\u011f\u0131 ve&hellip;<\/p>\t\t\t\t\t\t\t\t\t\t\t\t\t\t\t\t\t\t\t\t<a href=\"https:\/\/www.mediesttipmerkezi.com\/ar\/appointment-form\/\" class=\"item-btn\">Book an Appointment<\/a>\r\n\t\t\t\t\t\t\t\t<\/div>\r\n        <\/div>\r\n\t<\/div>\r\n\r\n\t<div class=\"col-lg-3 col-md-6 col-sm-4 col-xs-6 ic-hastaliklari\">\r\n\t\t<div class=\"team-box-layout2\">\r\n                            \t\t<div class=\"item-img\">\r\n            \t\t<img decoding=\"async\" width=\"230\" height=\"230\" src=\"https:\/\/www.mediesttipmerkezi.com\/wp-content\/uploads\/2019\/03\/Uzm.-Dr.-SAKIR-CETINDAG-230x230.png\" class=\"attachment-medilink-size5 size-medilink-size5 wp-post-image\" alt=\"\" srcset=\"https:\/\/www.mediesttipmerkezi.com\/wp-content\/uploads\/2019\/03\/Uzm.-Dr.-SAKIR-CETINDAG-230x230.png 230w, https:\/\/www.mediesttipmerkezi.com\/wp-content\/uploads\/2019\/03\/Uzm.-Dr.-SAKIR-CETINDAG-300x300.png 300w, https:\/\/www.mediesttipmerkezi.com\/wp-content\/uploads\/2019\/03\/Uzm.-Dr.-SAKIR-CETINDAG-1024x1024.png 1024w, https:\/\/www.mediesttipmerkezi.com\/wp-content\/uploads\/2019\/03\/Uzm.-Dr.-SAKIR-CETINDAG-150x150.png 150w, https:\/\/www.mediesttipmerkezi.com\/wp-content\/uploads\/2019\/03\/Uzm.-Dr.-SAKIR-CETINDAG-1536x1536.png 1536w, https:\/\/www.mediesttipmerkezi.com\/wp-content\/uploads\/2019\/03\/Uzm.-Dr.-SAKIR-CETINDAG-12x12.png 12w, https:\/\/www.mediesttipmerkezi.com\/wp-content\/uploads\/2019\/03\/Uzm.-Dr.-SAKIR-CETINDAG-70x70.png 70w, https:\/\/www.mediesttipmerkezi.com\/wp-content\/uploads\/2019\/03\/Uzm.-Dr.-SAKIR-CETINDAG-315x315.png 315w, https:\/\/www.mediesttipmerkezi.com\/wp-content\/uploads\/2019\/03\/Uzm.-Dr.-SAKIR-CETINDAG-600x600.png 600w, https:\/\/www.mediesttipmerkezi.com\/wp-content\/uploads\/2019\/03\/Uzm.-Dr.-SAKIR-CETINDAG-100x100.png 100w, https:\/\/www.mediesttipmerkezi.com\/wp-content\/uploads\/2019\/03\/Uzm.-Dr.-SAKIR-CETINDAG.png 2048w\" sizes=\"(max-width: 230px) 100vw, 230px\" \/>                    <ul class=\"item-icon\">\r\n                        <li>\r\n                            <a href=\"https:\/\/www.mediesttipmerkezi.com\/ar\/doktorlarimiz\/sakir-cetindag\/\">\r\n                                <i class=\"fas fa-plus\"><\/i>\r\n                            <\/a>\r\n                        <\/li>\r\n                    <\/ul>\r\n            \t\t<\/div>\r\n                                <div class=\"item-content\">\r\n                    <h3 class=\"item-title\">\r\n                      <a href=\"https:\/\/www.mediesttipmerkezi.com\/ar\/doktorlarimiz\/sakir-cetindag\/\">\u0645\u062a\u062e\u0635\u0635 \u062f\u0643\u062a\u0648\u0631. \u0634\u0627\u0643\u0631 \u0633\u062a\u064a\u0646\u062f\u0627\u0647<\/a>\r\n                    <\/h3>\r\n                                        \t<p>\u0627\u0644\u0637\u0628 \u0627\u0644\u0628\u0627\u0637\u0646\u064a - \u0627\u0644\u0637\u0628 \u0627\u0644\u0628\u0627\u0637\u0646\u064a<\/p>\r\n\t\t\t\t\t\t                <\/div>\r\n\t\t\t\t<div class=\"item-schedule text-center\">\r\n\t\t\t\t\t\t\t\t\t\t\t\t\t\t\t\t\t\t<p>Uzm. Dr. \u015eakir \u00c7ET\u0130NDA\u011e \u00d6zel Mediest \u0130nternational Merkezi&#8217;nde Dahiliye \u0130\u00e7&hellip;<\/p>\t\t\t\t\t\t\t\t\t\t\t\t\t\t\t\t\t\t\t\t<a href=\"https:\/\/www.mediesttipmerkezi.com\/ar\/appointment-form\/\" class=\"item-btn\">Book an Appointment<\/a>\r\n\t\t\t\t\t\t\t\t<\/div>\r\n        <\/div>\r\n\t<\/div>\r\n\r\n\t<div class=\"col-lg-3 col-md-6 col-sm-4 col-xs-6 fizik-tedavi-ve-rehabilitasyon\">\r\n\t\t<div class=\"team-box-layout2\">\r\n                            \t\t<div class=\"item-img\">\r\n            \t\t<img decoding=\"async\" width=\"230\" height=\"230\" src=\"https:\/\/www.mediesttipmerkezi.com\/wp-content\/uploads\/2024\/03\/M-02-230x230.png\" class=\"attachment-medilink-size5 size-medilink-size5 wp-post-image\" alt=\"\" srcset=\"https:\/\/www.mediesttipmerkezi.com\/wp-content\/uploads\/2024\/03\/M-02-230x230.png 230w, https:\/\/www.mediesttipmerkezi.com\/wp-content\/uploads\/2024\/03\/M-02-300x300.png 300w, https:\/\/www.mediesttipmerkezi.com\/wp-content\/uploads\/2024\/03\/M-02-1024x1024.png 1024w, https:\/\/www.mediesttipmerkezi.com\/wp-content\/uploads\/2024\/03\/M-02-150x150.png 150w, https:\/\/www.mediesttipmerkezi.com\/wp-content\/uploads\/2024\/03\/M-02-1536x1536.png 1536w, https:\/\/www.mediesttipmerkezi.com\/wp-content\/uploads\/2024\/03\/M-02-12x12.png 12w, https:\/\/www.mediesttipmerkezi.com\/wp-content\/uploads\/2024\/03\/M-02-70x70.png 70w, https:\/\/www.mediesttipmerkezi.com\/wp-content\/uploads\/2024\/03\/M-02-315x315.png 315w, https:\/\/www.mediesttipmerkezi.com\/wp-content\/uploads\/2024\/03\/M-02.png 2048w\" sizes=\"(max-width: 230px) 100vw, 230px\" \/>                    <ul class=\"item-icon\">\r\n                        <li>\r\n                            <a href=\"https:\/\/www.mediesttipmerkezi.com\/ar\/doktorlarimiz\/uzm-dr-zarife-koc\/\">\r\n                                <i class=\"fas fa-plus\"><\/i>\r\n                            <\/a>\r\n                        <\/li>\r\n                    <\/ul>\r\n            \t\t<\/div>\r\n                                <div class=\"item-content\">\r\n                    <h3 class=\"item-title\">\r\n                      <a href=\"https:\/\/www.mediesttipmerkezi.com\/ar\/doktorlarimiz\/uzm-dr-zarife-koc\/\">\u0645\u062a\u062e\u0635\u0635 \u062f\u0643\u062a\u0648\u0631. \u0638\u0631\u064a\u0641 \u0643\u0648\u0627<\/a>\r\n                    <\/h3>\r\n                                        \t<p>\u0627\u0644\u0639\u0644\u0627\u062c \u0627\u0644\u0637\u0628\u064a\u0639\u064a \u0648\u0625\u0639\u0627\u062f\u0629 \u0627\u0644\u062a\u0623\u0647\u064a\u0644<\/p>\r\n\t\t\t\t\t\t                <\/div>\r\n\t\t\t\t<div class=\"item-schedule text-center\">\r\n\t\t\t\t\t\t\t\t\t\t\t\t\t\t\t\t\t\t<p>Uzm. Dr. Zarife KO\u00c7 \u00d6zel Mediest \u0130nternational Merkezi&#8217;nde Fizik Tedavi&hellip;<\/p>\t\t\t\t\t\t\t\t\t\t\t\t\t\t\t\t\t\t\t\t<a href=\"https:\/\/www.mediesttipmerkezi.com\/ar\/appointment-form\/\" class=\"item-btn\">Book an Appointment<\/a>\r\n\t\t\t\t\t\t\t\t<\/div>\r\n        <\/div>\r\n\t<\/div>\r\n   <\/div>\r\n<\/div>\t\t<\/div>\n\t\t\t\t<\/div>\n\t\t\t\t\t<\/div>\n\t\t<\/div>\n\t\t\t\t\t<\/div>\n\t\t<\/section>\n\t\t\t\t<section class=\"elementor-section elementor-top-section elementor-element elementor-element-24633ae5 elementor-section-stretched elementor-section-boxed elementor-section-height-default elementor-section-height-default\" data-id=\"24633ae5\" data-element_type=\"section\" data-settings=\"{&quot;stretch_section&quot;:&quot;section-stretched&quot;,&quot;background_background&quot;:&quot;classic&quot;}\">\n\t\t\t\t\t\t\t<div class=\"elementor-background-overlay\"><\/div>\n\t\t\t\t\t\t\t<div class=\"elementor-container elementor-column-gap-default\">\n\t\t\t\t\t<div class=\"elementor-column elementor-col-100 elementor-top-column elementor-element elementor-element-2cd2cd6b\" data-id=\"2cd2cd6b\" data-element_type=\"column\">\n\t\t\t<div class=\"elementor-widget-wrap elementor-element-populated\">\n\t\t\t\t\t\t<div class=\"elementor-element elementor-element-33e57aa elementor-widget elementor-widget-rt-cta\" data-id=\"33e57aa\" data-element_type=\"widget\" data-widget_type=\"rt-cta.default\">\n\t\t\t\t<div class=\"elementor-widget-container\">\n\t\t\t\r\n<div class=\"call-to-action-box-layout2\">\r\n   <h2 class=\"item-title\">We Provide the highest level of satisfaction<span> care &amp; services to our patients.<\/span><\/h2>\r\n        <div class=\"call-to-action-btn\">\r\n        <a class=\"item-btn\" href=\"#\">Make an Appointment<\/a>                                  \r\n    <\/div>      \r\n    <\/div>\r\n\r\n\t\t<\/div>\n\t\t\t\t<\/div>\n\t\t\t\t\t<\/div>\n\t\t<\/div>\n\t\t\t\t\t<\/div>\n\t\t<\/section>\n\t\t\t\t<\/div>","protected":false},"excerpt":{"rendered":"<p>Our doctors Find A Doctor All Cardiology Dental Gynaecology Eye Neurology Medicine Dr. Jason Roy Gynecology Efficiently myocardinate market-driven innovation via open-source alignments. Dramatically engage high-Phosfluorescently&hellip; Book an Appointment Dr. Nadim Kamal Associate Eye Efficiently myocardinate market-driven innovation via open-source alignments. Dramatically engage high-Phosfluorescently&hellip; Book an Appointment Dr. Zinia Zara Neurology Efficiently myocardinate market-driven innovation&#8230;<\/p>","protected":false},"author":1,"featured_media":0,"parent":0,"menu_order":0,"comment_status":"closed","ping_status":"closed","template":"","meta":{"footnotes":""},"class_list":["post-1087","page","type-page","status-publish","hentry"],"_links":{"self":[{"href":"https:\/\/www.mediesttipmerkezi.com\/ar\/wp-json\/wp\/v2\/pages\/1087","targetHints":{"allow":["GET"]}}],"collection":[{"href":"https:\/\/www.mediesttipmerkezi.com\/ar\/wp-json\/wp\/v2\/pages"}],"about":[{"href":"https:\/\/www.mediesttipmerkezi.com\/ar\/wp-json\/wp\/v2\/types\/page"}],"author":[{"embeddable":true,"href":"https:\/\/www.mediesttipmerkezi.com\/ar\/wp-json\/wp\/v2\/users\/1"}],"replies":[{"embeddable":true,"href":"https:\/\/www.mediesttipmerkezi.com\/ar\/wp-json\/wp\/v2\/comments?post=1087"}],"version-history":[{"count":0,"href":"https:\/\/www.mediesttipmerkezi.com\/ar\/wp-json\/wp\/v2\/pages\/1087\/revisions"}],"wp:attachment":[{"href":"https:\/\/www.mediesttipmerkezi.com\/ar\/wp-json\/wp\/v2\/media?parent=1087"}],"curies":[{"name":"wp","href":"https:\/\/api.w.org\/{rel}","templated":true}]}}